{"id":751,"date":"2021-12-27T10:07:55","date_gmt":"2021-12-27T09:07:55","guid":{"rendered":"https:\/\/co2improve.com\/contact\/"},"modified":"2022-06-02T11:57:53","modified_gmt":"2022-06-02T09:57:53","slug":"contact","status":"publish","type":"page","link":"https:\/\/co2improve.com\/sv\/contact\/","title":{"rendered":"Kontakt"},"content":{"rendered":"<p>Se till att ditt f\u00f6retag \u00e4r redo att m\u00f6ta framtida regleringar av EU-lag och konsumenternas efterfr\u00e5gan. Vi st\u00f6ttar g\u00e4rna dig och ditt f\u00f6retag med denna certifiering och hj\u00e4lper er med att leverera resultat p\u00e5 era klimatm\u00e5l.<\/p>\n<p>Vill du att vi kontaktar dig? V\u00e4nligen l\u00e4mna dina kontaktuppgifter s\u00e5 \u00e5terkommer vi till dig s\u00e5 snart som m\u00f6jligt.<\/p>\n<p>KOMPENSERA INTE. F\u00d6RNYA.<\/p>\n","protected":false},"excerpt":{"rendered":"<p>Se till att ditt f\u00f6retag \u00e4r redo att m\u00f6ta framtida regleringar av EU-lag och konsumenternas efterfr\u00e5gan. Vi st\u00f6ttar g\u00e4rna dig och ditt f\u00f6retag med denna certifiering och hj\u00e4lper er med att leverera resultat p\u00e5 era klimatm\u00e5l. Vill du att vi kontaktar dig? V\u00e4nligen l\u00e4mna dina kontaktuppgifter s\u00e5 \u00e5terkommer vi till dig s\u00e5 snart som m\u00f6jligt. [&hellip;]<\/p>\n","protected":false},"author":1,"featured_media":602,"parent":0,"menu_order":0,"comment_status":"closed","ping_status":"closed","template":"page-contact.php","meta":{"_acf_changed":false,"footnotes":""},"class_list":["post-751","page","type-page","status-publish","has-post-thumbnail","hentry"],"acf":[],"yoast_head":"<!-- This site is optimized with the Yoast SEO plugin v27.1.1 - https:\/\/yoast.com\/product\/yoast-seo-wordpress\/ -->\n<title>CO\u2082 Improve - Kontakt<\/title>\n<meta name=\"description\" content=\"Se till att ditt f\u00f6retag \u00e4r redo att m\u00f6ta framtida regleringar av EU-lag och konsumenternas efterfr\u00e5gan. Vi st\u00f6ttar g\u00e4rna dig och ditt f\u00f6retag med denna certifiering och hj\u00e4lper er med att leverera resultat p\u00e5 era klimatm\u00e5l.\u00a0\" \/>\n<meta name=\"robots\" content=\"index, follow, max-snippet:-1, max-image-preview:large, max-video-preview:-1\" \/>\n<link rel=\"canonical\" href=\"https:\/\/co2improve.com\/sv\/contact\/\" \/>\n<meta property=\"og:locale\" content=\"sv_SE\" \/>\n<meta property=\"og:type\" content=\"article\" \/>\n<meta property=\"og:title\" content=\"CO\u2082 Improve - Kontakt\" \/>\n<meta property=\"og:description\" content=\"Se till att ditt f\u00f6retag \u00e4r redo att m\u00f6ta framtida regleringar av EU-lag och konsumenternas efterfr\u00e5gan. Vi st\u00f6ttar g\u00e4rna dig och ditt f\u00f6retag med denna certifiering och hj\u00e4lper er med att leverera resultat p\u00e5 era klimatm\u00e5l.\u00a0\" \/>\n<meta property=\"og:url\" content=\"https:\/\/co2improve.com\/sv\/contact\/\" \/>\n<meta property=\"og:site_name\" content=\"CO\u2082 Improve\" \/>\n<meta property=\"article:modified_time\" content=\"2022-06-02T09:57:53+00:00\" \/>\n<meta property=\"og:image\" content=\"https:\/\/co2improve.com\/wp-content\/uploads\/2022\/02\/Retail-Reinvention-Why-Retail-Doesnt-Need-Sales-people.jpg\" \/>\n\t<meta property=\"og:image:width\" content=\"1000\" \/>\n\t<meta property=\"og:image:height\" content=\"657\" \/>\n\t<meta property=\"og:image:type\" content=\"image\/jpeg\" \/>\n<meta name=\"twitter:card\" content=\"summary_large_image\" \/>\n<meta name=\"twitter:label1\" content=\"Ber\u00e4knad l\u00e4stid\" \/>\n\t<meta name=\"twitter:data1\" content=\"1 minut\" \/>\n<!-- \/ Yoast SEO plugin. -->","yoast_head_json":{"title":"CO\u2082 Improve - Kontakt","description":"Se till att ditt f\u00f6retag \u00e4r redo att m\u00f6ta framtida regleringar av EU-lag och konsumenternas efterfr\u00e5gan. Vi st\u00f6ttar g\u00e4rna dig och ditt f\u00f6retag med denna certifiering och hj\u00e4lper er med att leverera resultat p\u00e5 era klimatm\u00e5l.\u00a0","robots":{"index":"index","follow":"follow","max-snippet":"max-snippet:-1","max-image-preview":"max-image-preview:large","max-video-preview":"max-video-preview:-1"},"canonical":"https:\/\/co2improve.com\/sv\/contact\/","og_locale":"sv_SE","og_type":"article","og_title":"CO\u2082 Improve - Kontakt","og_description":"Se till att ditt f\u00f6retag \u00e4r redo att m\u00f6ta framtida regleringar av EU-lag och konsumenternas efterfr\u00e5gan. Vi st\u00f6ttar g\u00e4rna dig och ditt f\u00f6retag med denna certifiering och hj\u00e4lper er med att leverera resultat p\u00e5 era klimatm\u00e5l.\u00a0","og_url":"https:\/\/co2improve.com\/sv\/contact\/","og_site_name":"CO\u2082 Improve","article_modified_time":"2022-06-02T09:57:53+00:00","og_image":[{"width":1000,"height":657,"url":"https:\/\/co2improve.com\/wp-content\/uploads\/2022\/02\/Retail-Reinvention-Why-Retail-Doesnt-Need-Sales-people.jpg","type":"image\/jpeg"}],"twitter_card":"summary_large_image","twitter_misc":{"Ber\u00e4knad l\u00e4stid":"1 minut"},"schema":{"@context":"https:\/\/schema.org","@graph":[{"@type":"WebPage","@id":"https:\/\/co2improve.com\/sv\/contact\/","url":"https:\/\/co2improve.com\/sv\/contact\/","name":"CO\u2082 Improve - Kontakt","isPartOf":{"@id":"https:\/\/co2improve.com\/sv\/#website"},"primaryImageOfPage":{"@id":"https:\/\/co2improve.com\/sv\/contact\/#primaryimage"},"image":{"@id":"https:\/\/co2improve.com\/sv\/contact\/#primaryimage"},"thumbnailUrl":"https:\/\/co2improve.com\/wp-content\/uploads\/2022\/02\/Retail-Reinvention-Why-Retail-Doesnt-Need-Sales-people.jpg","datePublished":"2021-12-27T09:07:55+00:00","dateModified":"2022-06-02T09:57:53+00:00","description":"Se till att ditt f\u00f6retag \u00e4r redo att m\u00f6ta framtida regleringar av EU-lag och konsumenternas efterfr\u00e5gan. Vi st\u00f6ttar g\u00e4rna dig och ditt f\u00f6retag med denna certifiering och hj\u00e4lper er med att leverera resultat p\u00e5 era klimatm\u00e5l.\u00a0","breadcrumb":{"@id":"https:\/\/co2improve.com\/sv\/contact\/#breadcrumb"},"inLanguage":"sv-SE","potentialAction":[{"@type":"ReadAction","target":["https:\/\/co2improve.com\/sv\/contact\/"]}]},{"@type":"ImageObject","inLanguage":"sv-SE","@id":"https:\/\/co2improve.com\/sv\/contact\/#primaryimage","url":"https:\/\/co2improve.com\/wp-content\/uploads\/2022\/02\/Retail-Reinvention-Why-Retail-Doesnt-Need-Sales-people.jpg","contentUrl":"https:\/\/co2improve.com\/wp-content\/uploads\/2022\/02\/Retail-Reinvention-Why-Retail-Doesnt-Need-Sales-people.jpg","width":1000,"height":657},{"@type":"BreadcrumbList","@id":"https:\/\/co2improve.com\/sv\/contact\/#breadcrumb","itemListElement":[{"@type":"ListItem","position":1,"name":"Home","item":"https:\/\/co2improve.com\/sv\/"},{"@type":"ListItem","position":2,"name":"Kontakt"}]},{"@type":"WebSite","@id":"https:\/\/co2improve.com\/sv\/#website","url":"https:\/\/co2improve.com\/sv\/","name":"CO\u2082 Improve","description":"Don&#039;t Compensate. Inovate.","potentialAction":[{"@type":"SearchAction","target":{"@type":"EntryPoint","urlTemplate":"https:\/\/co2improve.com\/sv\/?s={search_term_string}"},"query-input":{"@type":"PropertyValueSpecification","valueRequired":true,"valueName":"search_term_string"}}],"inLanguage":"sv-SE"}]}},"_links":{"self":[{"href":"https:\/\/co2improve.com\/sv\/wp-json\/wp\/v2\/pages\/751","targetHints":{"allow":["GET"]}}],"collection":[{"href":"https:\/\/co2improve.com\/sv\/wp-json\/wp\/v2\/pages"}],"about":[{"href":"https:\/\/co2improve.com\/sv\/wp-json\/wp\/v2\/types\/page"}],"author":[{"embeddable":true,"href":"https:\/\/co2improve.com\/sv\/wp-json\/wp\/v2\/users\/1"}],"replies":[{"embeddable":true,"href":"https:\/\/co2improve.com\/sv\/wp-json\/wp\/v2\/comments?post=751"}],"version-history":[{"count":3,"href":"https:\/\/co2improve.com\/sv\/wp-json\/wp\/v2\/pages\/751\/revisions"}],"predecessor-version":[{"id":914,"href":"https:\/\/co2improve.com\/sv\/wp-json\/wp\/v2\/pages\/751\/revisions\/914"}],"wp:featuredmedia":[{"embeddable":true,"href":"https:\/\/co2improve.com\/sv\/wp-json\/wp\/v2\/media\/602"}],"wp:attachment":[{"href":"https:\/\/co2improve.com\/sv\/wp-json\/wp\/v2\/media?parent=751"}],"curies":[{"name":"wp","href":"https:\/\/api.w.org\/{rel}","templated":true}]}}