{"id":747,"date":"2022-05-09T13:50:07","date_gmt":"2022-05-09T11:50:07","guid":{"rendered":"https:\/\/co2improve.com\/co2-improve-program\/"},"modified":"2022-06-02T11:41:02","modified_gmt":"2022-06-02T09:41:02","slug":"co2-improve-program","status":"publish","type":"page","link":"https:\/\/co2improve.com\/sv\/co2-improve-program\/","title":{"rendered":"CO\u2082 Improve program \/ \u00f6vervakning"},"content":{"rendered":"<p>Vi kartl\u00e4gger, \u00f6vervakar och rapporterar ditt koldioxidavtryck inom hela din leveranskedja med fokus p\u00e5 att f\u00f6rb\u00e4ttra ditt CO\u2082-resultat varje \u00e5r. Genom m\u00e4tning f\u00e5r du full kontroll \u00f6ver dina utsl\u00e4pp och fl\u00f6den. V\u00e5ra f\u00f6rslag p\u00e5 f\u00f6rb\u00e4ttringar syftar till att minska ditt CO\u2082-avtryck, men ocks\u00e5 att \u00f6ka produktiviteten, minska kostnaderna och st\u00e4rka din marknadsposition genom ansvarsfullt agerande. Vi guidar dig genom hela processen.<\/p>\n","protected":false},"excerpt":{"rendered":"<p>Vi kartl\u00e4gger, \u00f6vervakar och rapporterar ditt koldioxidavtryck inom hela din leveranskedja med fokus p\u00e5 att f\u00f6rb\u00e4ttra ditt CO\u2082-resultat varje \u00e5r. Genom m\u00e4tning f\u00e5r du full kontroll \u00f6ver dina utsl\u00e4pp och fl\u00f6den. V\u00e5ra f\u00f6rslag p\u00e5 f\u00f6rb\u00e4ttringar syftar till att minska ditt CO\u2082-avtryck, men ocks\u00e5 att \u00f6ka produktiviteten, minska kostnaderna och st\u00e4rka din marknadsposition genom ansvarsfullt agerande. [&hellip;]<\/p>\n","protected":false},"author":1,"featured_media":0,"parent":0,"menu_order":0,"comment_status":"closed","ping_status":"closed","template":"template-plan.php","meta":{"_acf_changed":false,"footnotes":""},"class_list":["post-747","page","type-page","status-publish","hentry"],"acf":[],"yoast_head":"<!-- This site is optimized with the Yoast SEO plugin v27.1.1 - https:\/\/yoast.com\/product\/yoast-seo-wordpress\/ -->\n<title>CO\u2082 Improve - CO\u2082 Improve program \/ \u00f6vervakning<\/title>\n<meta name=\"description\" content=\"Vi kartl\u00e4gger, \u00f6vervakar och rapporterar ditt koldioxidavtryck inom hela din leveranskedja med fokus p\u00e5 att f\u00f6rb\u00e4ttra ditt CO\u2082-resultat varje \u00e5r. Genom m\u00e4tning f\u00e5r du full kontroll \u00f6ver dina utsl\u00e4pp och fl\u00f6den.\" \/>\n<meta name=\"robots\" content=\"index, follow, max-snippet:-1, max-image-preview:large, max-video-preview:-1\" \/>\n<link rel=\"canonical\" href=\"https:\/\/co2improve.com\/sv\/co2-improve-program\/\" \/>\n<meta property=\"og:locale\" content=\"sv_SE\" \/>\n<meta property=\"og:type\" content=\"article\" \/>\n<meta property=\"og:title\" content=\"CO\u2082 Improve - CO\u2082 Improve program \/ \u00f6vervakning\" \/>\n<meta property=\"og:description\" content=\"Vi kartl\u00e4gger, \u00f6vervakar och rapporterar ditt koldioxidavtryck inom hela din leveranskedja med fokus p\u00e5 att f\u00f6rb\u00e4ttra ditt CO\u2082-resultat varje \u00e5r. Genom m\u00e4tning f\u00e5r du full kontroll \u00f6ver dina utsl\u00e4pp och fl\u00f6den.\" \/>\n<meta property=\"og:url\" content=\"https:\/\/co2improve.com\/sv\/co2-improve-program\/\" \/>\n<meta property=\"og:site_name\" content=\"CO\u2082 Improve\" \/>\n<meta property=\"article:modified_time\" content=\"2022-06-02T09:41:02+00:00\" \/>\n<meta name=\"twitter:card\" content=\"summary_large_image\" \/>\n<meta name=\"twitter:label1\" content=\"Ber\u00e4knad l\u00e4stid\" \/>\n\t<meta name=\"twitter:data1\" content=\"1 minut\" \/>\n<!-- \/ Yoast SEO plugin. -->","yoast_head_json":{"title":"CO\u2082 Improve - CO\u2082 Improve program \/ \u00f6vervakning","description":"Vi kartl\u00e4gger, \u00f6vervakar och rapporterar ditt koldioxidavtryck inom hela din leveranskedja med fokus p\u00e5 att f\u00f6rb\u00e4ttra ditt CO\u2082-resultat varje \u00e5r. Genom m\u00e4tning f\u00e5r du full kontroll \u00f6ver dina utsl\u00e4pp och fl\u00f6den.","robots":{"index":"index","follow":"follow","max-snippet":"max-snippet:-1","max-image-preview":"max-image-preview:large","max-video-preview":"max-video-preview:-1"},"canonical":"https:\/\/co2improve.com\/sv\/co2-improve-program\/","og_locale":"sv_SE","og_type":"article","og_title":"CO\u2082 Improve - CO\u2082 Improve program \/ \u00f6vervakning","og_description":"Vi kartl\u00e4gger, \u00f6vervakar och rapporterar ditt koldioxidavtryck inom hela din leveranskedja med fokus p\u00e5 att f\u00f6rb\u00e4ttra ditt CO\u2082-resultat varje \u00e5r. Genom m\u00e4tning f\u00e5r du full kontroll \u00f6ver dina utsl\u00e4pp och fl\u00f6den.","og_url":"https:\/\/co2improve.com\/sv\/co2-improve-program\/","og_site_name":"CO\u2082 Improve","article_modified_time":"2022-06-02T09:41:02+00:00","twitter_card":"summary_large_image","twitter_misc":{"Ber\u00e4knad l\u00e4stid":"1 minut"},"schema":{"@context":"https:\/\/schema.org","@graph":[{"@type":"WebPage","@id":"https:\/\/co2improve.com\/sv\/co2-improve-program\/","url":"https:\/\/co2improve.com\/sv\/co2-improve-program\/","name":"CO\u2082 Improve - CO\u2082 Improve program \/ \u00f6vervakning","isPartOf":{"@id":"https:\/\/co2improve.com\/sv\/#website"},"datePublished":"2022-05-09T11:50:07+00:00","dateModified":"2022-06-02T09:41:02+00:00","description":"Vi kartl\u00e4gger, \u00f6vervakar och rapporterar ditt koldioxidavtryck inom hela din leveranskedja med fokus p\u00e5 att f\u00f6rb\u00e4ttra ditt CO\u2082-resultat varje \u00e5r. Genom m\u00e4tning f\u00e5r du full kontroll \u00f6ver dina utsl\u00e4pp och fl\u00f6den.","breadcrumb":{"@id":"https:\/\/co2improve.com\/sv\/co2-improve-program\/#breadcrumb"},"inLanguage":"sv-SE","potentialAction":[{"@type":"ReadAction","target":["https:\/\/co2improve.com\/sv\/co2-improve-program\/"]}]},{"@type":"BreadcrumbList","@id":"https:\/\/co2improve.com\/sv\/co2-improve-program\/#breadcrumb","itemListElement":[{"@type":"ListItem","position":1,"name":"Home","item":"https:\/\/co2improve.com\/sv\/"},{"@type":"ListItem","position":2,"name":"CO\u2082 Improve program \/ \u00f6vervakning"}]},{"@type":"WebSite","@id":"https:\/\/co2improve.com\/sv\/#website","url":"https:\/\/co2improve.com\/sv\/","name":"CO\u2082 Improve","description":"Don&#039;t Compensate. Inovate.","potentialAction":[{"@type":"SearchAction","target":{"@type":"EntryPoint","urlTemplate":"https:\/\/co2improve.com\/sv\/?s={search_term_string}"},"query-input":{"@type":"PropertyValueSpecification","valueRequired":true,"valueName":"search_term_string"}}],"inLanguage":"sv-SE"}]}},"_links":{"self":[{"href":"https:\/\/co2improve.com\/sv\/wp-json\/wp\/v2\/pages\/747","targetHints":{"allow":["GET"]}}],"collection":[{"href":"https:\/\/co2improve.com\/sv\/wp-json\/wp\/v2\/pages"}],"about":[{"href":"https:\/\/co2improve.com\/sv\/wp-json\/wp\/v2\/types\/page"}],"author":[{"embeddable":true,"href":"https:\/\/co2improve.com\/sv\/wp-json\/wp\/v2\/users\/1"}],"replies":[{"embeddable":true,"href":"https:\/\/co2improve.com\/sv\/wp-json\/wp\/v2\/comments?post=747"}],"version-history":[{"count":3,"href":"https:\/\/co2improve.com\/sv\/wp-json\/wp\/v2\/pages\/747\/revisions"}],"predecessor-version":[{"id":905,"href":"https:\/\/co2improve.com\/sv\/wp-json\/wp\/v2\/pages\/747\/revisions\/905"}],"wp:attachment":[{"href":"https:\/\/co2improve.com\/sv\/wp-json\/wp\/v2\/media?parent=747"}],"curies":[{"name":"wp","href":"https:\/\/api.w.org\/{rel}","templated":true}]}}