{"id":743,"date":"2022-05-10T12:27:47","date_gmt":"2022-05-10T10:27:47","guid":{"rendered":"https:\/\/co2improve.com\/our-focus\/"},"modified":"2024-12-09T15:43:19","modified_gmt":"2024-12-09T14:43:19","slug":"our-focus","status":"publish","type":"page","link":"https:\/\/co2improve.com\/sv\/our-focus\/","title":{"rendered":"V\u00e5rt fokus"},"content":{"rendered":"<p><em>Textilindustrins f\u00f6rs\u00f6rjningskedja str\u00e4cker sig \u00f6ver hela v\u00e4rlden, vilket resulterar i ett logistiskt fotavtryck med en mycket h\u00f6g grad av CO\u2082-utsl\u00e4pp. Den v\u00e4xande medvetenheten hos konsumenter, regeringar och icke-statliga organisationer g\u00f6r att fler f\u00f6retag b\u00e5de \u00e4r villiga och motiverade att g\u00f6ra b\u00e4ttre. Med framtida koldioxidskatter \u00e4r det dessutom s\u00e4rskilt viktigt f\u00f6r alla f\u00f6retag att f\u00f6rst\u00e5 sitt nuvarande fotavtryck och hur de kan f\u00f6rb\u00e4ttra och minska sitt f\u00f6retags totala koldioxidavtryck.<\/em><\/p>\n<p>Inom logistikomr\u00e5det har <a href=\"http:\/\/www.greenway-logistics.com\">Greenway Logistics<\/a> utvecklat ett koncept: CO\u2082 Improve. Det slutliga m\u00e5let \u00e4r att f\u00f6rb\u00e4ttra den globala mode-, sport- och livsstilsindustrin n\u00e4r det kommer till CO\u2082-utsl\u00e4pp genom logistik. CO\u2082 Improve hj\u00e4lper f\u00f6retag att f\u00e5 insikt i deras CO\u2082-fotavtryck och st\u00f6djer att minska CO\u2082-utsl\u00e4ppen fr\u00e5n sin logistikverksamhet genom att f\u00f6rnya och samarbeta. Det handlar om att f\u00f6rb\u00e4ttra ist\u00e4llet f\u00f6r att kompensera.<\/p>\n<p>CO\u2082 Improve erbjuder h\u00f6gkvalitativ, statligt certifierad \u00f6vervakning som uppfyller framtida standarder. Ber\u00e4kningarna baseras p\u00e5 det v\u00e4lk\u00e4nda GLEC Framework (den internationella standarden f\u00f6r utsl\u00e4ppsber\u00e4kning utvecklad av Global Logistics Emissions Council). Resultaten av CO\u2082 Improve-analysen kan anv\u00e4ndas f\u00f6r officiella rapporter och syften.<\/p>\n<p>Se till att ditt f\u00f6retag \u00e4r redo att m\u00f6ta framtida regleringar av EU-lag och konsumenternas efterfr\u00e5gan. Vi st\u00f6ttar g\u00e4rna dig och ditt f\u00f6retag med v\u00e5r certifierade och ackrediterade GLEC-rapport och minskar samtidigt ditt CO\u2082-avtryck.<\/p>\n<p>KOMPENSERA INTE. F\u00d6RNYA.<\/p>\n","protected":false},"excerpt":{"rendered":"<p>Textilindustrins f\u00f6rs\u00f6rjningskedja str\u00e4cker sig \u00f6ver hela v\u00e4rlden, vilket resulterar i ett logistiskt fotavtryck med en mycket h\u00f6g grad av CO\u2082-utsl\u00e4pp. Den v\u00e4xande medvetenheten hos konsumenter, regeringar och icke-statliga organisationer g\u00f6r att fler f\u00f6retag b\u00e5de \u00e4r villiga och motiverade att g\u00f6ra b\u00e4ttre. Med framtida koldioxidskatter \u00e4r det dessutom s\u00e4rskilt viktigt f\u00f6r alla f\u00f6retag att f\u00f6rst\u00e5 sitt [&hellip;]<\/p>\n","protected":false},"author":1,"featured_media":790,"parent":0,"menu_order":0,"comment_status":"closed","ping_status":"closed","template":"","meta":{"_acf_changed":false,"footnotes":""},"class_list":["post-743","page","type-page","status-publish","has-post-thumbnail","hentry"],"acf":[],"yoast_head":"<!-- This site is optimized with the Yoast SEO plugin v27.1.1 - https:\/\/yoast.com\/product\/yoast-seo-wordpress\/ -->\n<title>CO\u2082 Improve - V\u00e5rt fokus<\/title>\n<meta name=\"description\" content=\"Det slutliga m\u00e5let \u00e4r att f\u00f6rb\u00e4ttra den globala mode-, sport- och livsstilsindustrin n\u00e4r det kommer till CO\u2082-utsl\u00e4pp genom logistik. CO\u2082 Improve hj\u00e4lper f\u00f6retag att f\u00e5 insikt i deras CO\u2082-fotavtryck och st\u00f6djer att minska CO\u2082-utsl\u00e4ppen fr\u00e5n sin logistikverksamhet genom att f\u00f6rnya och samarbeta. Det handlar om att f\u00f6rb\u00e4ttra ist\u00e4llet f\u00f6r att kompensera.\" \/>\n<meta name=\"robots\" content=\"index, follow, max-snippet:-1, max-image-preview:large, max-video-preview:-1\" \/>\n<link rel=\"canonical\" href=\"https:\/\/co2improve.com\/sv\/our-focus\/\" \/>\n<meta property=\"og:locale\" content=\"sv_SE\" \/>\n<meta property=\"og:type\" content=\"article\" \/>\n<meta property=\"og:title\" content=\"CO\u2082 Improve - V\u00e5rt fokus\" \/>\n<meta property=\"og:description\" content=\"Det slutliga m\u00e5let \u00e4r att f\u00f6rb\u00e4ttra den globala mode-, sport- och livsstilsindustrin n\u00e4r det kommer till CO\u2082-utsl\u00e4pp genom logistik. CO\u2082 Improve hj\u00e4lper f\u00f6retag att f\u00e5 insikt i deras CO\u2082-fotavtryck och st\u00f6djer att minska CO\u2082-utsl\u00e4ppen fr\u00e5n sin logistikverksamhet genom att f\u00f6rnya och samarbeta. Det handlar om att f\u00f6rb\u00e4ttra ist\u00e4llet f\u00f6r att kompensera.\" \/>\n<meta property=\"og:url\" content=\"https:\/\/co2improve.com\/sv\/our-focus\/\" \/>\n<meta property=\"og:site_name\" content=\"CO\u2082 Improve\" \/>\n<meta property=\"article:modified_time\" content=\"2024-12-09T14:43:19+00:00\" \/>\n<meta property=\"og:image\" content=\"https:\/\/co2improve.com\/wp-content\/uploads\/2022\/05\/Fashion-Logistics-CO2-Improve.jpg\" \/>\n\t<meta property=\"og:image:width\" content=\"1500\" \/>\n\t<meta property=\"og:image:height\" content=\"694\" \/>\n\t<meta property=\"og:image:type\" content=\"image\/jpeg\" \/>\n<meta name=\"twitter:card\" content=\"summary_large_image\" \/>\n<meta name=\"twitter:label1\" content=\"Ber\u00e4knad l\u00e4stid\" \/>\n\t<meta name=\"twitter:data1\" content=\"1 minut\" \/>\n<!-- \/ Yoast SEO plugin. -->","yoast_head_json":{"title":"CO\u2082 Improve - V\u00e5rt fokus","description":"Det slutliga m\u00e5let \u00e4r att f\u00f6rb\u00e4ttra den globala mode-, sport- och livsstilsindustrin n\u00e4r det kommer till CO\u2082-utsl\u00e4pp genom logistik. CO\u2082 Improve hj\u00e4lper f\u00f6retag att f\u00e5 insikt i deras CO\u2082-fotavtryck och st\u00f6djer att minska CO\u2082-utsl\u00e4ppen fr\u00e5n sin logistikverksamhet genom att f\u00f6rnya och samarbeta. Det handlar om att f\u00f6rb\u00e4ttra ist\u00e4llet f\u00f6r att kompensera.","robots":{"index":"index","follow":"follow","max-snippet":"max-snippet:-1","max-image-preview":"max-image-preview:large","max-video-preview":"max-video-preview:-1"},"canonical":"https:\/\/co2improve.com\/sv\/our-focus\/","og_locale":"sv_SE","og_type":"article","og_title":"CO\u2082 Improve - V\u00e5rt fokus","og_description":"Det slutliga m\u00e5let \u00e4r att f\u00f6rb\u00e4ttra den globala mode-, sport- och livsstilsindustrin n\u00e4r det kommer till CO\u2082-utsl\u00e4pp genom logistik. CO\u2082 Improve hj\u00e4lper f\u00f6retag att f\u00e5 insikt i deras CO\u2082-fotavtryck och st\u00f6djer att minska CO\u2082-utsl\u00e4ppen fr\u00e5n sin logistikverksamhet genom att f\u00f6rnya och samarbeta. Det handlar om att f\u00f6rb\u00e4ttra ist\u00e4llet f\u00f6r att kompensera.","og_url":"https:\/\/co2improve.com\/sv\/our-focus\/","og_site_name":"CO\u2082 Improve","article_modified_time":"2024-12-09T14:43:19+00:00","og_image":[{"width":1500,"height":694,"url":"https:\/\/co2improve.com\/wp-content\/uploads\/2022\/05\/Fashion-Logistics-CO2-Improve.jpg","type":"image\/jpeg"}],"twitter_card":"summary_large_image","twitter_misc":{"Ber\u00e4knad l\u00e4stid":"1 minut"},"schema":{"@context":"https:\/\/schema.org","@graph":[{"@type":"WebPage","@id":"https:\/\/co2improve.com\/sv\/our-focus\/","url":"https:\/\/co2improve.com\/sv\/our-focus\/","name":"CO\u2082 Improve - V\u00e5rt fokus","isPartOf":{"@id":"https:\/\/co2improve.com\/sv\/#website"},"primaryImageOfPage":{"@id":"https:\/\/co2improve.com\/sv\/our-focus\/#primaryimage"},"image":{"@id":"https:\/\/co2improve.com\/sv\/our-focus\/#primaryimage"},"thumbnailUrl":"https:\/\/co2improve.com\/wp-content\/uploads\/2022\/05\/Fashion-Logistics-CO2-Improve.jpg","datePublished":"2022-05-10T10:27:47+00:00","dateModified":"2024-12-09T14:43:19+00:00","description":"Det slutliga m\u00e5let \u00e4r att f\u00f6rb\u00e4ttra den globala mode-, sport- och livsstilsindustrin n\u00e4r det kommer till CO\u2082-utsl\u00e4pp genom logistik. CO\u2082 Improve hj\u00e4lper f\u00f6retag att f\u00e5 insikt i deras CO\u2082-fotavtryck och st\u00f6djer att minska CO\u2082-utsl\u00e4ppen fr\u00e5n sin logistikverksamhet genom att f\u00f6rnya och samarbeta. Det handlar om att f\u00f6rb\u00e4ttra ist\u00e4llet f\u00f6r att kompensera.","breadcrumb":{"@id":"https:\/\/co2improve.com\/sv\/our-focus\/#breadcrumb"},"inLanguage":"sv-SE","potentialAction":[{"@type":"ReadAction","target":["https:\/\/co2improve.com\/sv\/our-focus\/"]}]},{"@type":"ImageObject","inLanguage":"sv-SE","@id":"https:\/\/co2improve.com\/sv\/our-focus\/#primaryimage","url":"https:\/\/co2improve.com\/wp-content\/uploads\/2022\/05\/Fashion-Logistics-CO2-Improve.jpg","contentUrl":"https:\/\/co2improve.com\/wp-content\/uploads\/2022\/05\/Fashion-Logistics-CO2-Improve.jpg","width":1500,"height":694,"caption":"Fashion Logistics CO2 Improve"},{"@type":"BreadcrumbList","@id":"https:\/\/co2improve.com\/sv\/our-focus\/#breadcrumb","itemListElement":[{"@type":"ListItem","position":1,"name":"Home","item":"https:\/\/co2improve.com\/sv\/"},{"@type":"ListItem","position":2,"name":"V\u00e5rt fokus"}]},{"@type":"WebSite","@id":"https:\/\/co2improve.com\/sv\/#website","url":"https:\/\/co2improve.com\/sv\/","name":"CO\u2082 Improve","description":"Don&#039;t Compensate. Inovate.","potentialAction":[{"@type":"SearchAction","target":{"@type":"EntryPoint","urlTemplate":"https:\/\/co2improve.com\/sv\/?s={search_term_string}"},"query-input":{"@type":"PropertyValueSpecification","valueRequired":true,"valueName":"search_term_string"}}],"inLanguage":"sv-SE"}]}},"_links":{"self":[{"href":"https:\/\/co2improve.com\/sv\/wp-json\/wp\/v2\/pages\/743","targetHints":{"allow":["GET"]}}],"collection":[{"href":"https:\/\/co2improve.com\/sv\/wp-json\/wp\/v2\/pages"}],"about":[{"href":"https:\/\/co2improve.com\/sv\/wp-json\/wp\/v2\/types\/page"}],"author":[{"embeddable":true,"href":"https:\/\/co2improve.com\/sv\/wp-json\/wp\/v2\/users\/1"}],"replies":[{"embeddable":true,"href":"https:\/\/co2improve.com\/sv\/wp-json\/wp\/v2\/comments?post=743"}],"version-history":[{"count":4,"href":"https:\/\/co2improve.com\/sv\/wp-json\/wp\/v2\/pages\/743\/revisions"}],"predecessor-version":[{"id":1006,"href":"https:\/\/co2improve.com\/sv\/wp-json\/wp\/v2\/pages\/743\/revisions\/1006"}],"wp:featuredmedia":[{"embeddable":true,"href":"https:\/\/co2improve.com\/sv\/wp-json\/wp\/v2\/media\/790"}],"wp:attachment":[{"href":"https:\/\/co2improve.com\/sv\/wp-json\/wp\/v2\/media?parent=743"}],"curies":[{"name":"wp","href":"https:\/\/api.w.org\/{rel}","templated":true}]}}