{"id":739,"date":"2022-05-12T18:07:57","date_gmt":"2022-05-12T16:07:57","guid":{"rendered":"https:\/\/co2improve.com\/concepts\/"},"modified":"2023-10-16T12:01:20","modified_gmt":"2023-10-16T10:01:20","slug":"concepts","status":"publish","type":"page","link":"https:\/\/co2improve.com\/sv\/concepts\/","title":{"rendered":"Logistikkoncept"},"content":{"rendered":"<p><strong>H\u00e5llbara logistikkoncept<\/strong><\/p>\n<p>Drivet av den snabba tillv\u00e4xten i uppm\u00e4rksamhet f\u00f6r h\u00e5llbar logistik har ett antal specifika logistikkoncept skapats eller full\u00e4ndats f\u00f6r att s\u00e4nka CO2-avtrycket f\u00f6r alla f\u00f6retag inom den europeiska mode-, textil- och sportindustrin. Dessa koncept \u00e4r alla testade och bevisade framg\u00e5ngsrika och \u00e4r tillg\u00e4ngliga f\u00f6r alla. Alla \u00e4r pragmatiska i sin uppbyggnad och alla bidrar till en mer h\u00e5llbar f\u00f6rs\u00f6rjningskedja.<\/p>\n<p><iframe title=\"CO\u2082 Improve - Don&#039;t compensate. Innovate.\" src=\"https:\/\/player.vimeo.com\/video\/422697921?dnt=1&amp;app_id=122963\" frameborder=\"0\" allow=\"autoplay; fullscreen; picture-in-picture; clipboard-write\"><\/iframe><\/p>\n","protected":false},"excerpt":{"rendered":"<p>H\u00e5llbara logistikkoncept Drivet av den snabba tillv\u00e4xten i uppm\u00e4rksamhet f\u00f6r h\u00e5llbar logistik har ett antal specifika logistikkoncept skapats eller full\u00e4ndats f\u00f6r att s\u00e4nka CO2-avtrycket f\u00f6r alla f\u00f6retag inom den europeiska mode-, textil- och sportindustrin. Dessa koncept \u00e4r alla testade och bevisade framg\u00e5ngsrika och \u00e4r tillg\u00e4ngliga f\u00f6r alla. Alla \u00e4r pragmatiska i sin uppbyggnad och alla [&hellip;]<\/p>\n","protected":false},"author":1,"featured_media":0,"parent":0,"menu_order":0,"comment_status":"closed","ping_status":"closed","template":"","meta":{"_acf_changed":false,"footnotes":""},"class_list":["post-739","page","type-page","status-publish","hentry"],"acf":[],"yoast_head":"<!-- This site is optimized with the Yoast SEO plugin v27.1.1 - https:\/\/yoast.com\/product\/yoast-seo-wordpress\/ -->\n<title>CO\u2082 Improve - Logistikkoncept<\/title>\n<meta name=\"description\" content=\"Drivet av den snabba tillv\u00e4xten i uppm\u00e4rksamhet f\u00f6r h\u00e5llbar logistik har ett antal specifika logistikkoncept skapats eller full\u00e4ndats f\u00f6r att s\u00e4nka CO2-avtrycket f\u00f6r alla f\u00f6retag inom den europeiska mode-, textil- och sportindustrin.\" \/>\n<meta name=\"robots\" content=\"index, follow, max-snippet:-1, max-image-preview:large, max-video-preview:-1\" \/>\n<link rel=\"canonical\" href=\"https:\/\/co2improve.com\/sv\/concepts\/\" \/>\n<meta property=\"og:locale\" content=\"sv_SE\" \/>\n<meta property=\"og:type\" content=\"article\" \/>\n<meta property=\"og:title\" content=\"CO\u2082 Improve - Logistikkoncept\" \/>\n<meta property=\"og:description\" content=\"Drivet av den snabba tillv\u00e4xten i uppm\u00e4rksamhet f\u00f6r h\u00e5llbar logistik har ett antal specifika logistikkoncept skapats eller full\u00e4ndats f\u00f6r att s\u00e4nka CO2-avtrycket f\u00f6r alla f\u00f6retag inom den europeiska mode-, textil- och sportindustrin.\" \/>\n<meta property=\"og:url\" content=\"https:\/\/co2improve.com\/sv\/concepts\/\" \/>\n<meta property=\"og:site_name\" content=\"CO\u2082 Improve\" \/>\n<meta property=\"article:modified_time\" content=\"2023-10-16T10:01:20+00:00\" \/>\n<meta name=\"twitter:card\" content=\"summary_large_image\" \/>\n<meta name=\"twitter:label1\" content=\"Ber\u00e4knad l\u00e4stid\" \/>\n\t<meta name=\"twitter:data1\" content=\"1 minut\" \/>\n<!-- \/ Yoast SEO plugin. -->","yoast_head_json":{"title":"CO\u2082 Improve - Logistikkoncept","description":"Drivet av den snabba tillv\u00e4xten i uppm\u00e4rksamhet f\u00f6r h\u00e5llbar logistik har ett antal specifika logistikkoncept skapats eller full\u00e4ndats f\u00f6r att s\u00e4nka CO2-avtrycket f\u00f6r alla f\u00f6retag inom den europeiska mode-, textil- och sportindustrin.","robots":{"index":"index","follow":"follow","max-snippet":"max-snippet:-1","max-image-preview":"max-image-preview:large","max-video-preview":"max-video-preview:-1"},"canonical":"https:\/\/co2improve.com\/sv\/concepts\/","og_locale":"sv_SE","og_type":"article","og_title":"CO\u2082 Improve - Logistikkoncept","og_description":"Drivet av den snabba tillv\u00e4xten i uppm\u00e4rksamhet f\u00f6r h\u00e5llbar logistik har ett antal specifika logistikkoncept skapats eller full\u00e4ndats f\u00f6r att s\u00e4nka CO2-avtrycket f\u00f6r alla f\u00f6retag inom den europeiska mode-, textil- och sportindustrin.","og_url":"https:\/\/co2improve.com\/sv\/concepts\/","og_site_name":"CO\u2082 Improve","article_modified_time":"2023-10-16T10:01:20+00:00","twitter_card":"summary_large_image","twitter_misc":{"Ber\u00e4knad l\u00e4stid":"1 minut"},"schema":{"@context":"https:\/\/schema.org","@graph":[{"@type":"WebPage","@id":"https:\/\/co2improve.com\/sv\/concepts\/","url":"https:\/\/co2improve.com\/sv\/concepts\/","name":"CO\u2082 Improve - Logistikkoncept","isPartOf":{"@id":"https:\/\/co2improve.com\/sv\/#website"},"datePublished":"2022-05-12T16:07:57+00:00","dateModified":"2023-10-16T10:01:20+00:00","description":"Drivet av den snabba tillv\u00e4xten i uppm\u00e4rksamhet f\u00f6r h\u00e5llbar logistik har ett antal specifika logistikkoncept skapats eller full\u00e4ndats f\u00f6r att s\u00e4nka CO2-avtrycket f\u00f6r alla f\u00f6retag inom den europeiska mode-, textil- och sportindustrin.","breadcrumb":{"@id":"https:\/\/co2improve.com\/sv\/concepts\/#breadcrumb"},"inLanguage":"sv-SE","potentialAction":[{"@type":"ReadAction","target":["https:\/\/co2improve.com\/sv\/concepts\/"]}]},{"@type":"BreadcrumbList","@id":"https:\/\/co2improve.com\/sv\/concepts\/#breadcrumb","itemListElement":[{"@type":"ListItem","position":1,"name":"Home","item":"https:\/\/co2improve.com\/sv\/"},{"@type":"ListItem","position":2,"name":"Logistikkoncept"}]},{"@type":"WebSite","@id":"https:\/\/co2improve.com\/sv\/#website","url":"https:\/\/co2improve.com\/sv\/","name":"CO\u2082 Improve","description":"Don&#039;t Compensate. Inovate.","potentialAction":[{"@type":"SearchAction","target":{"@type":"EntryPoint","urlTemplate":"https:\/\/co2improve.com\/sv\/?s={search_term_string}"},"query-input":{"@type":"PropertyValueSpecification","valueRequired":true,"valueName":"search_term_string"}}],"inLanguage":"sv-SE"}]}},"_links":{"self":[{"href":"https:\/\/co2improve.com\/sv\/wp-json\/wp\/v2\/pages\/739","targetHints":{"allow":["GET"]}}],"collection":[{"href":"https:\/\/co2improve.com\/sv\/wp-json\/wp\/v2\/pages"}],"about":[{"href":"https:\/\/co2improve.com\/sv\/wp-json\/wp\/v2\/types\/page"}],"author":[{"embeddable":true,"href":"https:\/\/co2improve.com\/sv\/wp-json\/wp\/v2\/users\/1"}],"replies":[{"embeddable":true,"href":"https:\/\/co2improve.com\/sv\/wp-json\/wp\/v2\/comments?post=739"}],"version-history":[{"count":10,"href":"https:\/\/co2improve.com\/sv\/wp-json\/wp\/v2\/pages\/739\/revisions"}],"predecessor-version":[{"id":992,"href":"https:\/\/co2improve.com\/sv\/wp-json\/wp\/v2\/pages\/739\/revisions\/992"}],"wp:attachment":[{"href":"https:\/\/co2improve.com\/sv\/wp-json\/wp\/v2\/media?parent=739"}],"curies":[{"name":"wp","href":"https:\/\/api.w.org\/{rel}","templated":true}]}}