{"id":735,"date":"2022-05-16T10:45:11","date_gmt":"2022-05-16T08:45:11","guid":{"rendered":"https:\/\/co2improve.com\/partnership\/"},"modified":"2024-12-11T10:41:10","modified_gmt":"2024-12-11T09:41:10","slug":"partnership","status":"publish","type":"page","link":"https:\/\/co2improve.com\/sv\/partnership\/","title":{"rendered":"Partnerskap"},"content":{"rendered":"","protected":false},"excerpt":{"rendered":"","protected":false},"author":1,"featured_media":634,"parent":0,"menu_order":0,"comment_status":"closed","ping_status":"closed","template":"","meta":{"_acf_changed":false,"footnotes":""},"class_list":["post-735","page","type-page","status-publish","has-post-thumbnail","hentry"],"acf":[],"yoast_head":"<!-- This site is optimized with the Yoast SEO plugin v27.1.1 - https:\/\/yoast.com\/product\/yoast-seo-wordpress\/ -->\n<title>CO\u2082 Improve - Partnerskap<\/title>\n<meta name=\"description\" content=\"Partnerskap \u00e4r ett av v\u00e5ra SDG-m\u00e5l, ett viktigt fokus \u00e4r samarbete. Du kan bli v\u00e5r CO\u2082 Improve-partner om du kontinuerligt arbetar med att f\u00f6rb\u00e4ttra dina medlemmars\/kunders CO\u2082-avtryck. Bli en del av v\u00e5r community d\u00e4r vi s\u00e4tter &quot;f\u00f6rb\u00e4ttra&quot; f\u00f6rst.\" \/>\n<meta name=\"robots\" content=\"index, follow, max-snippet:-1, max-image-preview:large, max-video-preview:-1\" \/>\n<link rel=\"canonical\" href=\"https:\/\/co2improve.com\/sv\/partnership\/\" \/>\n<meta property=\"og:locale\" content=\"sv_SE\" \/>\n<meta property=\"og:type\" content=\"article\" \/>\n<meta property=\"og:title\" content=\"CO\u2082 Improve - Partnerskap\" \/>\n<meta property=\"og:description\" content=\"Partnerskap \u00e4r ett av v\u00e5ra SDG-m\u00e5l, ett viktigt fokus \u00e4r samarbete. Du kan bli v\u00e5r CO\u2082 Improve-partner om du kontinuerligt arbetar med att f\u00f6rb\u00e4ttra dina medlemmars\/kunders CO\u2082-avtryck. Bli en del av v\u00e5r community d\u00e4r vi s\u00e4tter &quot;f\u00f6rb\u00e4ttra&quot; f\u00f6rst.\" \/>\n<meta property=\"og:url\" content=\"https:\/\/co2improve.com\/sv\/partnership\/\" \/>\n<meta property=\"og:site_name\" content=\"CO\u2082 Improve\" \/>\n<meta property=\"article:modified_time\" content=\"2024-12-11T09:41:10+00:00\" \/>\n<meta property=\"og:image\" content=\"https:\/\/co2improve.com\/wp-content\/uploads\/2022\/05\/community.jpg\" \/>\n\t<meta property=\"og:image:width\" content=\"1175\" \/>\n\t<meta property=\"og:image:height\" content=\"578\" \/>\n\t<meta property=\"og:image:type\" content=\"image\/jpeg\" \/>\n<meta name=\"twitter:card\" content=\"summary_large_image\" \/>\n<!-- \/ Yoast SEO plugin. -->","yoast_head_json":{"title":"CO\u2082 Improve - Partnerskap","description":"Partnerskap \u00e4r ett av v\u00e5ra SDG-m\u00e5l, ett viktigt fokus \u00e4r samarbete. Du kan bli v\u00e5r CO\u2082 Improve-partner om du kontinuerligt arbetar med att f\u00f6rb\u00e4ttra dina medlemmars\/kunders CO\u2082-avtryck. Bli en del av v\u00e5r community d\u00e4r vi s\u00e4tter \"f\u00f6rb\u00e4ttra\" f\u00f6rst.","robots":{"index":"index","follow":"follow","max-snippet":"max-snippet:-1","max-image-preview":"max-image-preview:large","max-video-preview":"max-video-preview:-1"},"canonical":"https:\/\/co2improve.com\/sv\/partnership\/","og_locale":"sv_SE","og_type":"article","og_title":"CO\u2082 Improve - Partnerskap","og_description":"Partnerskap \u00e4r ett av v\u00e5ra SDG-m\u00e5l, ett viktigt fokus \u00e4r samarbete. Du kan bli v\u00e5r CO\u2082 Improve-partner om du kontinuerligt arbetar med att f\u00f6rb\u00e4ttra dina medlemmars\/kunders CO\u2082-avtryck. Bli en del av v\u00e5r community d\u00e4r vi s\u00e4tter \"f\u00f6rb\u00e4ttra\" f\u00f6rst.","og_url":"https:\/\/co2improve.com\/sv\/partnership\/","og_site_name":"CO\u2082 Improve","article_modified_time":"2024-12-11T09:41:10+00:00","og_image":[{"width":1175,"height":578,"url":"https:\/\/co2improve.com\/wp-content\/uploads\/2022\/05\/community.jpg","type":"image\/jpeg"}],"twitter_card":"summary_large_image","schema":{"@context":"https:\/\/schema.org","@graph":[{"@type":"WebPage","@id":"https:\/\/co2improve.com\/sv\/partnership\/","url":"https:\/\/co2improve.com\/sv\/partnership\/","name":"CO\u2082 Improve - Partnerskap","isPartOf":{"@id":"https:\/\/co2improve.com\/sv\/#website"},"primaryImageOfPage":{"@id":"https:\/\/co2improve.com\/sv\/partnership\/#primaryimage"},"image":{"@id":"https:\/\/co2improve.com\/sv\/partnership\/#primaryimage"},"thumbnailUrl":"https:\/\/co2improve.com\/wp-content\/uploads\/2022\/05\/community.jpg","datePublished":"2022-05-16T08:45:11+00:00","dateModified":"2024-12-11T09:41:10+00:00","description":"Partnerskap \u00e4r ett av v\u00e5ra SDG-m\u00e5l, ett viktigt fokus \u00e4r samarbete. Du kan bli v\u00e5r CO\u2082 Improve-partner om du kontinuerligt arbetar med att f\u00f6rb\u00e4ttra dina medlemmars\/kunders CO\u2082-avtryck. Bli en del av v\u00e5r community d\u00e4r vi s\u00e4tter \"f\u00f6rb\u00e4ttra\" f\u00f6rst.","breadcrumb":{"@id":"https:\/\/co2improve.com\/sv\/partnership\/#breadcrumb"},"inLanguage":"sv-SE","potentialAction":[{"@type":"ReadAction","target":["https:\/\/co2improve.com\/sv\/partnership\/"]}]},{"@type":"ImageObject","inLanguage":"sv-SE","@id":"https:\/\/co2improve.com\/sv\/partnership\/#primaryimage","url":"https:\/\/co2improve.com\/wp-content\/uploads\/2022\/05\/community.jpg","contentUrl":"https:\/\/co2improve.com\/wp-content\/uploads\/2022\/05\/community.jpg","width":1175,"height":578},{"@type":"BreadcrumbList","@id":"https:\/\/co2improve.com\/sv\/partnership\/#breadcrumb","itemListElement":[{"@type":"ListItem","position":1,"name":"Home","item":"https:\/\/co2improve.com\/sv\/"},{"@type":"ListItem","position":2,"name":"Partnerskap"}]},{"@type":"WebSite","@id":"https:\/\/co2improve.com\/sv\/#website","url":"https:\/\/co2improve.com\/sv\/","name":"CO\u2082 Improve","description":"Don&#039;t Compensate. Inovate.","potentialAction":[{"@type":"SearchAction","target":{"@type":"EntryPoint","urlTemplate":"https:\/\/co2improve.com\/sv\/?s={search_term_string}"},"query-input":{"@type":"PropertyValueSpecification","valueRequired":true,"valueName":"search_term_string"}}],"inLanguage":"sv-SE"}]}},"_links":{"self":[{"href":"https:\/\/co2improve.com\/sv\/wp-json\/wp\/v2\/pages\/735","targetHints":{"allow":["GET"]}}],"collection":[{"href":"https:\/\/co2improve.com\/sv\/wp-json\/wp\/v2\/pages"}],"about":[{"href":"https:\/\/co2improve.com\/sv\/wp-json\/wp\/v2\/types\/page"}],"author":[{"embeddable":true,"href":"https:\/\/co2improve.com\/sv\/wp-json\/wp\/v2\/users\/1"}],"replies":[{"embeddable":true,"href":"https:\/\/co2improve.com\/sv\/wp-json\/wp\/v2\/comments?post=735"}],"version-history":[{"count":5,"href":"https:\/\/co2improve.com\/sv\/wp-json\/wp\/v2\/pages\/735\/revisions"}],"predecessor-version":[{"id":1016,"href":"https:\/\/co2improve.com\/sv\/wp-json\/wp\/v2\/pages\/735\/revisions\/1016"}],"wp:featuredmedia":[{"embeddable":true,"href":"https:\/\/co2improve.com\/sv\/wp-json\/wp\/v2\/media\/634"}],"wp:attachment":[{"href":"https:\/\/co2improve.com\/sv\/wp-json\/wp\/v2\/media?parent=735"}],"curies":[{"name":"wp","href":"https:\/\/api.w.org\/{rel}","templated":true}]}}