{"id":731,"date":"2022-05-18T10:39:58","date_gmt":"2022-05-18T08:39:58","guid":{"rendered":"https:\/\/co2improve.com\/compliance\/"},"modified":"2024-12-09T17:05:46","modified_gmt":"2024-12-09T16:05:46","slug":"compliance","status":"publish","type":"page","link":"https:\/\/co2improve.com\/sv\/compliance\/","title":{"rendered":"Framtid"},"content":{"rendered":"<p>P\u00e5 senare tid erbjuder m\u00e5nga transportf\u00f6retag CO\u2082-\u00f6vervakning som en (betald) tj\u00e4nst. \u00d6verraskande nog kan resultatet av denna \u00f6vervakning ofta vara ganska olika f\u00f6r samma f\u00f6rs\u00e4ndelse hos ett annat transportf\u00f6retag. Ofta saknas insikt i ber\u00e4kningarna bakom \u00f6vervakningen. P\u00e5 senare tid har t.o.m detta lett till n\u00e5gra europeiska regeringsinitiativ f\u00f6r att skapa tillf\u00f6rlitlig \u00f6vervakning. Detta inneb\u00e4r en grundlig analys av det faktiska resultatet f\u00f6r alla f\u00f6retag, som arbetar med fasta standarder.<\/p>\n<p>N\u00e4sta steg, som kommer att f\u00f6lja under de kommande \u00e5ren, kommer att vara en officiell certifiering av ett f\u00f6retags CO\u2082-avtryck, \u00e4ven om det g\u00e5r s\u00e5 l\u00e5ngt att revisorer m\u00e5ste skriva under; och i framtiden \u00e4ven en eventuell CO\u2082-skatt. Mot bakgrund av denna utveckling samordnar branschorganisationerna sina anstr\u00e4ngningar f\u00f6r att skapa en h\u00f6gkvalitativ CO\u2082-\u00f6vervakning som kommer att m\u00f6ta framtida standarder.<\/p>\n<p><strong>CO\u2082 Improve:<\/strong><\/p>\n<ul>\n<li>ber\u00e4kningarna \u00e4r allm\u00e4nt antagna och i metodologisk \u00f6verenskommelse med Global Logistics Emissions Council Framework for Logistics Emissions Methodologies (GLEC), baserad p\u00e5 EU-standard och certifierad.<\/li>\n<li>f\u00f6rbereder dig som varum\u00e4rke f\u00f6r framtida CO\u2082-beskattning, revisorsutl\u00e5tanden och EU:s taxonomif\u00f6rordning (scope 3)<\/li>\n<li>uppfyller koldioxidavtrycket f\u00f6r din GOTS- eller B-corp-certifiering<\/li>\n<\/ul>\n<p><strong>F\u00f6rbered dig f\u00f6r framtida krav fr\u00e5n kunder, regeringar, revisorer och icke-statliga organisationer.<\/strong><\/p>\n","protected":false},"excerpt":{"rendered":"<p>P\u00e5 senare tid erbjuder m\u00e5nga transportf\u00f6retag CO\u2082-\u00f6vervakning som en (betald) tj\u00e4nst. \u00d6verraskande nog kan resultatet av denna \u00f6vervakning ofta vara ganska olika f\u00f6r samma f\u00f6rs\u00e4ndelse hos ett annat transportf\u00f6retag. Ofta saknas insikt i ber\u00e4kningarna bakom \u00f6vervakningen. P\u00e5 senare tid har t.o.m detta lett till n\u00e5gra europeiska regeringsinitiativ f\u00f6r att skapa tillf\u00f6rlitlig \u00f6vervakning. Detta inneb\u00e4r en [&hellip;]<\/p>\n","protected":false},"author":1,"featured_media":0,"parent":0,"menu_order":0,"comment_status":"closed","ping_status":"closed","template":"template-banner-page.php","meta":{"_acf_changed":false,"footnotes":""},"class_list":["post-731","page","type-page","status-publish","hentry"],"acf":[],"yoast_head":"<!-- This site is optimized with the Yoast SEO plugin v27.1.1 - https:\/\/yoast.com\/product\/yoast-seo-wordpress\/ -->\n<title>CO\u2082 Improve - Framtid<\/title>\n<meta name=\"description\" content=\"P\u00e5 senare tid erbjuder m\u00e5nga transportf\u00f6retag CO\u2082-\u00f6vervakning som en (betald) tj\u00e4nst. \u00d6verraskande nog kan resultatet av denna \u00f6vervakning ofta vara ganska olika f\u00f6r samma f\u00f6rs\u00e4ndelse hos ett annat transportf\u00f6retag. Ofta saknas insikt i ber\u00e4kningarna bakom \u00f6vervakningen. P\u00e5 senare tid har t.o.m detta lett till n\u00e5gra europeiska regeringsinitiativ f\u00f6r att skapa tillf\u00f6rlitlig \u00f6vervakning. Detta inneb\u00e4r en grundlig analys av det faktiska resultatet f\u00f6r alla f\u00f6retag, som arbetar med fasta standarder.\" \/>\n<meta name=\"robots\" content=\"index, follow, max-snippet:-1, max-image-preview:large, max-video-preview:-1\" \/>\n<link rel=\"canonical\" href=\"https:\/\/co2improve.com\/sv\/compliance\/\" \/>\n<meta property=\"og:locale\" content=\"sv_SE\" \/>\n<meta property=\"og:type\" content=\"article\" \/>\n<meta property=\"og:title\" content=\"CO\u2082 Improve - Framtid\" \/>\n<meta property=\"og:description\" content=\"P\u00e5 senare tid erbjuder m\u00e5nga transportf\u00f6retag CO\u2082-\u00f6vervakning som en (betald) tj\u00e4nst. \u00d6verraskande nog kan resultatet av denna \u00f6vervakning ofta vara ganska olika f\u00f6r samma f\u00f6rs\u00e4ndelse hos ett annat transportf\u00f6retag. Ofta saknas insikt i ber\u00e4kningarna bakom \u00f6vervakningen. P\u00e5 senare tid har t.o.m detta lett till n\u00e5gra europeiska regeringsinitiativ f\u00f6r att skapa tillf\u00f6rlitlig \u00f6vervakning. Detta inneb\u00e4r en grundlig analys av det faktiska resultatet f\u00f6r alla f\u00f6retag, som arbetar med fasta standarder.\" \/>\n<meta property=\"og:url\" content=\"https:\/\/co2improve.com\/sv\/compliance\/\" \/>\n<meta property=\"og:site_name\" content=\"CO\u2082 Improve\" \/>\n<meta property=\"article:modified_time\" content=\"2024-12-09T16:05:46+00:00\" \/>\n<meta name=\"twitter:card\" content=\"summary_large_image\" \/>\n<meta name=\"twitter:label1\" content=\"Ber\u00e4knad l\u00e4stid\" \/>\n\t<meta name=\"twitter:data1\" content=\"1 minut\" \/>\n<!-- \/ Yoast SEO plugin. -->","yoast_head_json":{"title":"CO\u2082 Improve - Framtid","description":"P\u00e5 senare tid erbjuder m\u00e5nga transportf\u00f6retag CO\u2082-\u00f6vervakning som en (betald) tj\u00e4nst. \u00d6verraskande nog kan resultatet av denna \u00f6vervakning ofta vara ganska olika f\u00f6r samma f\u00f6rs\u00e4ndelse hos ett annat transportf\u00f6retag. Ofta saknas insikt i ber\u00e4kningarna bakom \u00f6vervakningen. P\u00e5 senare tid har t.o.m detta lett till n\u00e5gra europeiska regeringsinitiativ f\u00f6r att skapa tillf\u00f6rlitlig \u00f6vervakning. Detta inneb\u00e4r en grundlig analys av det faktiska resultatet f\u00f6r alla f\u00f6retag, som arbetar med fasta standarder.","robots":{"index":"index","follow":"follow","max-snippet":"max-snippet:-1","max-image-preview":"max-image-preview:large","max-video-preview":"max-video-preview:-1"},"canonical":"https:\/\/co2improve.com\/sv\/compliance\/","og_locale":"sv_SE","og_type":"article","og_title":"CO\u2082 Improve - Framtid","og_description":"P\u00e5 senare tid erbjuder m\u00e5nga transportf\u00f6retag CO\u2082-\u00f6vervakning som en (betald) tj\u00e4nst. \u00d6verraskande nog kan resultatet av denna \u00f6vervakning ofta vara ganska olika f\u00f6r samma f\u00f6rs\u00e4ndelse hos ett annat transportf\u00f6retag. Ofta saknas insikt i ber\u00e4kningarna bakom \u00f6vervakningen. P\u00e5 senare tid har t.o.m detta lett till n\u00e5gra europeiska regeringsinitiativ f\u00f6r att skapa tillf\u00f6rlitlig \u00f6vervakning. Detta inneb\u00e4r en grundlig analys av det faktiska resultatet f\u00f6r alla f\u00f6retag, som arbetar med fasta standarder.","og_url":"https:\/\/co2improve.com\/sv\/compliance\/","og_site_name":"CO\u2082 Improve","article_modified_time":"2024-12-09T16:05:46+00:00","twitter_card":"summary_large_image","twitter_misc":{"Ber\u00e4knad l\u00e4stid":"1 minut"},"schema":{"@context":"https:\/\/schema.org","@graph":[{"@type":"WebPage","@id":"https:\/\/co2improve.com\/sv\/compliance\/","url":"https:\/\/co2improve.com\/sv\/compliance\/","name":"CO\u2082 Improve - Framtid","isPartOf":{"@id":"https:\/\/co2improve.com\/sv\/#website"},"datePublished":"2022-05-18T08:39:58+00:00","dateModified":"2024-12-09T16:05:46+00:00","description":"P\u00e5 senare tid erbjuder m\u00e5nga transportf\u00f6retag CO\u2082-\u00f6vervakning som en (betald) tj\u00e4nst. \u00d6verraskande nog kan resultatet av denna \u00f6vervakning ofta vara ganska olika f\u00f6r samma f\u00f6rs\u00e4ndelse hos ett annat transportf\u00f6retag. Ofta saknas insikt i ber\u00e4kningarna bakom \u00f6vervakningen. P\u00e5 senare tid har t.o.m detta lett till n\u00e5gra europeiska regeringsinitiativ f\u00f6r att skapa tillf\u00f6rlitlig \u00f6vervakning. Detta inneb\u00e4r en grundlig analys av det faktiska resultatet f\u00f6r alla f\u00f6retag, som arbetar med fasta standarder.","breadcrumb":{"@id":"https:\/\/co2improve.com\/sv\/compliance\/#breadcrumb"},"inLanguage":"sv-SE","potentialAction":[{"@type":"ReadAction","target":["https:\/\/co2improve.com\/sv\/compliance\/"]}]},{"@type":"BreadcrumbList","@id":"https:\/\/co2improve.com\/sv\/compliance\/#breadcrumb","itemListElement":[{"@type":"ListItem","position":1,"name":"Home","item":"https:\/\/co2improve.com\/sv\/"},{"@type":"ListItem","position":2,"name":"Framtid"}]},{"@type":"WebSite","@id":"https:\/\/co2improve.com\/sv\/#website","url":"https:\/\/co2improve.com\/sv\/","name":"CO\u2082 Improve","description":"Don&#039;t Compensate. Inovate.","potentialAction":[{"@type":"SearchAction","target":{"@type":"EntryPoint","urlTemplate":"https:\/\/co2improve.com\/sv\/?s={search_term_string}"},"query-input":{"@type":"PropertyValueSpecification","valueRequired":true,"valueName":"search_term_string"}}],"inLanguage":"sv-SE"}]}},"_links":{"self":[{"href":"https:\/\/co2improve.com\/sv\/wp-json\/wp\/v2\/pages\/731","targetHints":{"allow":["GET"]}}],"collection":[{"href":"https:\/\/co2improve.com\/sv\/wp-json\/wp\/v2\/pages"}],"about":[{"href":"https:\/\/co2improve.com\/sv\/wp-json\/wp\/v2\/types\/page"}],"author":[{"embeddable":true,"href":"https:\/\/co2improve.com\/sv\/wp-json\/wp\/v2\/users\/1"}],"replies":[{"embeddable":true,"href":"https:\/\/co2improve.com\/sv\/wp-json\/wp\/v2\/comments?post=731"}],"version-history":[{"count":4,"href":"https:\/\/co2improve.com\/sv\/wp-json\/wp\/v2\/pages\/731\/revisions"}],"predecessor-version":[{"id":1013,"href":"https:\/\/co2improve.com\/sv\/wp-json\/wp\/v2\/pages\/731\/revisions\/1013"}],"wp:attachment":[{"href":"https:\/\/co2improve.com\/sv\/wp-json\/wp\/v2\/media?parent=731"}],"curies":[{"name":"wp","href":"https:\/\/api.w.org\/{rel}","templated":true}]}}