{"id":750,"date":"2021-12-27T10:07:55","date_gmt":"2021-12-27T09:07:55","guid":{"rendered":"https:\/\/co2improve.com\/contact\/"},"modified":"2022-06-01T12:17:09","modified_gmt":"2022-06-01T10:17:09","slug":"contact","status":"publish","type":"page","link":"https:\/\/co2improve.com\/da\/contact\/","title":{"rendered":"Kontakt"},"content":{"rendered":"<p>S\u00f8rg for, at din virksomhed er klar til at im\u00f8dekomme fremtidige regler om EU-lovgivning og forbrugernes eftersp\u00f8rgsel. Vi st\u00f8tter gerne dig og din virksomhed med denne certificering og hj\u00e6lper dig med at levere resultater p\u00e5 dine klimam\u00e5l.<\/p>\n<p>KOMPENSER IKKE. INNOVAT.<\/p>\n<p>Vil du have os til at kontakte dig? Indtast venligst dine kontaktoplysninger, og vi vil vende tilbage til dig hurtigst muligt.<\/p>\n","protected":false},"excerpt":{"rendered":"<p>S\u00f8rg for, at din virksomhed er klar til at im\u00f8dekomme fremtidige regler om EU-lovgivning og forbrugernes eftersp\u00f8rgsel. Vi st\u00f8tter gerne dig og din virksomhed med denne certificering og hj\u00e6lper dig med at levere resultater p\u00e5 dine klimam\u00e5l. KOMPENSER IKKE. INNOVAT. Vil du have os til at kontakte dig? Indtast venligst dine kontaktoplysninger, og vi vil [&hellip;]<\/p>\n","protected":false},"author":1,"featured_media":601,"parent":0,"menu_order":0,"comment_status":"closed","ping_status":"closed","template":"page-contact.php","meta":{"_acf_changed":false,"footnotes":""},"class_list":["post-750","page","type-page","status-publish","has-post-thumbnail","hentry"],"acf":[],"yoast_head":"<!-- This site is optimized with the Yoast SEO plugin v27.1.1 - https:\/\/yoast.com\/product\/yoast-seo-wordpress\/ -->\n<title>CO\u2082 Improve - Kontakt<\/title>\n<meta name=\"description\" content=\"S\u00f8rg for, at din virksomhed er klar til at im\u00f8dekomme fremtidige regler om EU-lovgivning og forbrugernes eftersp\u00f8rgsel. Vi st\u00f8tter gerne dig og din virksomhed med denne certificering og hj\u00e6lper dig med at levere resultater p\u00e5 dine klimam\u00e5l.\" \/>\n<meta name=\"robots\" content=\"index, follow, max-snippet:-1, max-image-preview:large, max-video-preview:-1\" \/>\n<link rel=\"canonical\" href=\"https:\/\/co2improve.com\/da\/contact\/\" \/>\n<meta property=\"og:locale\" content=\"da_DK\" \/>\n<meta property=\"og:type\" content=\"article\" \/>\n<meta property=\"og:title\" content=\"CO\u2082 Improve - Kontakt\" \/>\n<meta property=\"og:description\" content=\"S\u00f8rg for, at din virksomhed er klar til at im\u00f8dekomme fremtidige regler om EU-lovgivning og forbrugernes eftersp\u00f8rgsel. Vi st\u00f8tter gerne dig og din virksomhed med denne certificering og hj\u00e6lper dig med at levere resultater p\u00e5 dine klimam\u00e5l.\" \/>\n<meta property=\"og:url\" content=\"https:\/\/co2improve.com\/da\/contact\/\" \/>\n<meta property=\"og:site_name\" content=\"CO\u2082 Improve\" \/>\n<meta property=\"article:modified_time\" content=\"2022-06-01T10:17:09+00:00\" \/>\n<meta property=\"og:image\" content=\"https:\/\/co2improve.com\/wp-content\/uploads\/2022\/02\/Retail-Reinvention-Why-Retail-Doesnt-Need-Sales-people.jpg\" \/>\n\t<meta property=\"og:image:width\" content=\"1000\" \/>\n\t<meta property=\"og:image:height\" content=\"657\" \/>\n\t<meta property=\"og:image:type\" content=\"image\/jpeg\" \/>\n<meta name=\"twitter:card\" content=\"summary_large_image\" \/>\n<meta name=\"twitter:label1\" content=\"Estimeret l\u00e6setid\" \/>\n\t<meta name=\"twitter:data1\" content=\"1 minut\" \/>\n<!-- \/ Yoast SEO plugin. -->","yoast_head_json":{"title":"CO\u2082 Improve - Kontakt","description":"S\u00f8rg for, at din virksomhed er klar til at im\u00f8dekomme fremtidige regler om EU-lovgivning og forbrugernes eftersp\u00f8rgsel. Vi st\u00f8tter gerne dig og din virksomhed med denne certificering og hj\u00e6lper dig med at levere resultater p\u00e5 dine klimam\u00e5l.","robots":{"index":"index","follow":"follow","max-snippet":"max-snippet:-1","max-image-preview":"max-image-preview:large","max-video-preview":"max-video-preview:-1"},"canonical":"https:\/\/co2improve.com\/da\/contact\/","og_locale":"da_DK","og_type":"article","og_title":"CO\u2082 Improve - Kontakt","og_description":"S\u00f8rg for, at din virksomhed er klar til at im\u00f8dekomme fremtidige regler om EU-lovgivning og forbrugernes eftersp\u00f8rgsel. Vi st\u00f8tter gerne dig og din virksomhed med denne certificering og hj\u00e6lper dig med at levere resultater p\u00e5 dine klimam\u00e5l.","og_url":"https:\/\/co2improve.com\/da\/contact\/","og_site_name":"CO\u2082 Improve","article_modified_time":"2022-06-01T10:17:09+00:00","og_image":[{"width":1000,"height":657,"url":"https:\/\/co2improve.com\/wp-content\/uploads\/2022\/02\/Retail-Reinvention-Why-Retail-Doesnt-Need-Sales-people.jpg","type":"image\/jpeg"}],"twitter_card":"summary_large_image","twitter_misc":{"Estimeret l\u00e6setid":"1 minut"},"schema":{"@context":"https:\/\/schema.org","@graph":[{"@type":"WebPage","@id":"https:\/\/co2improve.com\/da\/contact\/","url":"https:\/\/co2improve.com\/da\/contact\/","name":"CO\u2082 Improve - Kontakt","isPartOf":{"@id":"https:\/\/co2improve.com\/da\/#website"},"primaryImageOfPage":{"@id":"https:\/\/co2improve.com\/da\/contact\/#primaryimage"},"image":{"@id":"https:\/\/co2improve.com\/da\/contact\/#primaryimage"},"thumbnailUrl":"https:\/\/co2improve.com\/wp-content\/uploads\/2022\/02\/Retail-Reinvention-Why-Retail-Doesnt-Need-Sales-people.jpg","datePublished":"2021-12-27T09:07:55+00:00","dateModified":"2022-06-01T10:17:09+00:00","description":"S\u00f8rg for, at din virksomhed er klar til at im\u00f8dekomme fremtidige regler om EU-lovgivning og forbrugernes eftersp\u00f8rgsel. Vi st\u00f8tter gerne dig og din virksomhed med denne certificering og hj\u00e6lper dig med at levere resultater p\u00e5 dine klimam\u00e5l.","breadcrumb":{"@id":"https:\/\/co2improve.com\/da\/contact\/#breadcrumb"},"inLanguage":"da-DK","potentialAction":[{"@type":"ReadAction","target":["https:\/\/co2improve.com\/da\/contact\/"]}]},{"@type":"ImageObject","inLanguage":"da-DK","@id":"https:\/\/co2improve.com\/da\/contact\/#primaryimage","url":"https:\/\/co2improve.com\/wp-content\/uploads\/2022\/02\/Retail-Reinvention-Why-Retail-Doesnt-Need-Sales-people.jpg","contentUrl":"https:\/\/co2improve.com\/wp-content\/uploads\/2022\/02\/Retail-Reinvention-Why-Retail-Doesnt-Need-Sales-people.jpg","width":1000,"height":657},{"@type":"BreadcrumbList","@id":"https:\/\/co2improve.com\/da\/contact\/#breadcrumb","itemListElement":[{"@type":"ListItem","position":1,"name":"Home","item":"https:\/\/co2improve.com\/da\/"},{"@type":"ListItem","position":2,"name":"Kontakt"}]},{"@type":"WebSite","@id":"https:\/\/co2improve.com\/da\/#website","url":"https:\/\/co2improve.com\/da\/","name":"CO\u2082 Improve","description":"Don&#039;t Compensate. Inovate.","potentialAction":[{"@type":"SearchAction","target":{"@type":"EntryPoint","urlTemplate":"https:\/\/co2improve.com\/da\/?s={search_term_string}"},"query-input":{"@type":"PropertyValueSpecification","valueRequired":true,"valueName":"search_term_string"}}],"inLanguage":"da-DK"}]}},"_links":{"self":[{"href":"https:\/\/co2improve.com\/da\/wp-json\/wp\/v2\/pages\/750","targetHints":{"allow":["GET"]}}],"collection":[{"href":"https:\/\/co2improve.com\/da\/wp-json\/wp\/v2\/pages"}],"about":[{"href":"https:\/\/co2improve.com\/da\/wp-json\/wp\/v2\/types\/page"}],"author":[{"embeddable":true,"href":"https:\/\/co2improve.com\/da\/wp-json\/wp\/v2\/users\/1"}],"replies":[{"embeddable":true,"href":"https:\/\/co2improve.com\/da\/wp-json\/wp\/v2\/comments?post=750"}],"version-history":[{"count":3,"href":"https:\/\/co2improve.com\/da\/wp-json\/wp\/v2\/pages\/750\/revisions"}],"predecessor-version":[{"id":857,"href":"https:\/\/co2improve.com\/da\/wp-json\/wp\/v2\/pages\/750\/revisions\/857"}],"wp:featuredmedia":[{"embeddable":true,"href":"https:\/\/co2improve.com\/da\/wp-json\/wp\/v2\/media\/601"}],"wp:attachment":[{"href":"https:\/\/co2improve.com\/da\/wp-json\/wp\/v2\/media?parent=750"}],"curies":[{"name":"wp","href":"https:\/\/api.w.org\/{rel}","templated":true}]}}