{"id":746,"date":"2022-05-09T13:50:07","date_gmt":"2022-05-09T11:50:07","guid":{"rendered":"https:\/\/co2improve.com\/co2-improve-program\/"},"modified":"2023-01-06T12:03:04","modified_gmt":"2023-01-06T11:03:04","slug":"co2-improve-program","status":"publish","type":"page","link":"https:\/\/co2improve.com\/da\/co2-improve-program\/","title":{"rendered":"CO\u2082 Improve program &#8211; rapportering\/dokumentation"},"content":{"rendered":"<p>Vi kortl\u00e6gger, dokumentere og rapporterer dit CO\u2082-fodaftryk inden for hele din forsyningsk\u00e6de med fokus p\u00e5 at forbedre dit CO\u2082-resultat hvert \u00e5r. Gennem m\u00e5ling f\u00e5r du fuld kontrol over dine emissioner og flows. Vores forslag til forbedringer har til form\u00e5l at reducere dit CO\u2082-fodaftryk, men ogs\u00e5 at \u00f8ge produktiviteten, reducere omkostningerne og styrke din markedsposition gennem ansvarlig handling. Vi guider dig gennem hele processen.<\/p>\n<p>Godt at vide. Du kan f\u00e5 dit CO2 Improve forl\u00f8b betalt i Danmark gennem <a href=\"https:\/\/virksomhedsprogrammet.dk\/content\/ydelser\/smvgroen\/bab6c5de-d96e-41d9-bc48-363d7d270776\/\">SMV:Gr\u00f8n Virksomhed programmet<\/a>. Se vedlagte link for mere information.<\/p>\n","protected":false},"excerpt":{"rendered":"<p>Vi kortl\u00e6gger, dokumentere og rapporterer dit CO\u2082-fodaftryk inden for hele din forsyningsk\u00e6de med fokus p\u00e5 at forbedre dit CO\u2082-resultat hvert \u00e5r. Gennem m\u00e5ling f\u00e5r du fuld kontrol over dine emissioner og flows. Vores forslag til forbedringer har til form\u00e5l at reducere dit CO\u2082-fodaftryk, men ogs\u00e5 at \u00f8ge produktiviteten, reducere omkostningerne og styrke din markedsposition gennem [&hellip;]<\/p>\n","protected":false},"author":1,"featured_media":0,"parent":0,"menu_order":0,"comment_status":"closed","ping_status":"closed","template":"template-plan.php","meta":{"_acf_changed":false,"footnotes":""},"class_list":["post-746","page","type-page","status-publish","hentry"],"acf":[],"yoast_head":"<!-- This site is optimized with the Yoast SEO plugin v27.1.1 - https:\/\/yoast.com\/product\/yoast-seo-wordpress\/ -->\n<title>CO\u2082 Improve - CO\u2082 Improve program - rapportering\/dokumentation<\/title>\n<meta name=\"description\" content=\"Vi kortl\u00e6gger, dokumentere og rapporterer dit CO2-fodaftryk inden for hele din forsyningsk\u00e6de med fokus p\u00e5 at forbedre dit CO\u2082-resultat hvert \u00e5r.\" \/>\n<meta name=\"robots\" content=\"index, follow, max-snippet:-1, max-image-preview:large, max-video-preview:-1\" \/>\n<link rel=\"canonical\" href=\"https:\/\/co2improve.com\/da\/co2-improve-program\/\" \/>\n<meta property=\"og:locale\" content=\"da_DK\" \/>\n<meta property=\"og:type\" content=\"article\" \/>\n<meta property=\"og:title\" content=\"CO\u2082 Improve - CO\u2082 Improve program - rapportering\/dokumentation\" \/>\n<meta property=\"og:description\" content=\"Vi kortl\u00e6gger, dokumentere og rapporterer dit CO2-fodaftryk inden for hele din forsyningsk\u00e6de med fokus p\u00e5 at forbedre dit CO\u2082-resultat hvert \u00e5r.\" \/>\n<meta property=\"og:url\" content=\"https:\/\/co2improve.com\/da\/co2-improve-program\/\" \/>\n<meta property=\"og:site_name\" content=\"CO\u2082 Improve\" \/>\n<meta property=\"article:modified_time\" content=\"2023-01-06T11:03:04+00:00\" \/>\n<meta name=\"twitter:card\" content=\"summary_large_image\" \/>\n<meta name=\"twitter:label1\" content=\"Estimeret l\u00e6setid\" \/>\n\t<meta name=\"twitter:data1\" content=\"1 minut\" \/>\n<!-- \/ Yoast SEO plugin. -->","yoast_head_json":{"title":"CO\u2082 Improve - CO\u2082 Improve program - rapportering\/dokumentation","description":"Vi kortl\u00e6gger, dokumentere og rapporterer dit CO2-fodaftryk inden for hele din forsyningsk\u00e6de med fokus p\u00e5 at forbedre dit CO\u2082-resultat hvert \u00e5r.","robots":{"index":"index","follow":"follow","max-snippet":"max-snippet:-1","max-image-preview":"max-image-preview:large","max-video-preview":"max-video-preview:-1"},"canonical":"https:\/\/co2improve.com\/da\/co2-improve-program\/","og_locale":"da_DK","og_type":"article","og_title":"CO\u2082 Improve - CO\u2082 Improve program - rapportering\/dokumentation","og_description":"Vi kortl\u00e6gger, dokumentere og rapporterer dit CO2-fodaftryk inden for hele din forsyningsk\u00e6de med fokus p\u00e5 at forbedre dit CO\u2082-resultat hvert \u00e5r.","og_url":"https:\/\/co2improve.com\/da\/co2-improve-program\/","og_site_name":"CO\u2082 Improve","article_modified_time":"2023-01-06T11:03:04+00:00","twitter_card":"summary_large_image","twitter_misc":{"Estimeret l\u00e6setid":"1 minut"},"schema":{"@context":"https:\/\/schema.org","@graph":[{"@type":"WebPage","@id":"https:\/\/co2improve.com\/da\/co2-improve-program\/","url":"https:\/\/co2improve.com\/da\/co2-improve-program\/","name":"CO\u2082 Improve - CO\u2082 Improve program - rapportering\/dokumentation","isPartOf":{"@id":"https:\/\/co2improve.com\/da\/#website"},"datePublished":"2022-05-09T11:50:07+00:00","dateModified":"2023-01-06T11:03:04+00:00","description":"Vi kortl\u00e6gger, dokumentere og rapporterer dit CO2-fodaftryk inden for hele din forsyningsk\u00e6de med fokus p\u00e5 at forbedre dit CO\u2082-resultat hvert \u00e5r.","breadcrumb":{"@id":"https:\/\/co2improve.com\/da\/co2-improve-program\/#breadcrumb"},"inLanguage":"da-DK","potentialAction":[{"@type":"ReadAction","target":["https:\/\/co2improve.com\/da\/co2-improve-program\/"]}]},{"@type":"BreadcrumbList","@id":"https:\/\/co2improve.com\/da\/co2-improve-program\/#breadcrumb","itemListElement":[{"@type":"ListItem","position":1,"name":"Home","item":"https:\/\/co2improve.com\/da\/"},{"@type":"ListItem","position":2,"name":"CO\u2082 Improve program &#8211; rapportering\/dokumentation"}]},{"@type":"WebSite","@id":"https:\/\/co2improve.com\/da\/#website","url":"https:\/\/co2improve.com\/da\/","name":"CO\u2082 Improve","description":"Don&#039;t Compensate. Inovate.","potentialAction":[{"@type":"SearchAction","target":{"@type":"EntryPoint","urlTemplate":"https:\/\/co2improve.com\/da\/?s={search_term_string}"},"query-input":{"@type":"PropertyValueSpecification","valueRequired":true,"valueName":"search_term_string"}}],"inLanguage":"da-DK"}]}},"_links":{"self":[{"href":"https:\/\/co2improve.com\/da\/wp-json\/wp\/v2\/pages\/746","targetHints":{"allow":["GET"]}}],"collection":[{"href":"https:\/\/co2improve.com\/da\/wp-json\/wp\/v2\/pages"}],"about":[{"href":"https:\/\/co2improve.com\/da\/wp-json\/wp\/v2\/types\/page"}],"author":[{"embeddable":true,"href":"https:\/\/co2improve.com\/da\/wp-json\/wp\/v2\/users\/1"}],"replies":[{"embeddable":true,"href":"https:\/\/co2improve.com\/da\/wp-json\/wp\/v2\/comments?post=746"}],"version-history":[{"count":11,"href":"https:\/\/co2improve.com\/da\/wp-json\/wp\/v2\/pages\/746\/revisions"}],"predecessor-version":[{"id":966,"href":"https:\/\/co2improve.com\/da\/wp-json\/wp\/v2\/pages\/746\/revisions\/966"}],"wp:attachment":[{"href":"https:\/\/co2improve.com\/da\/wp-json\/wp\/v2\/media?parent=746"}],"curies":[{"name":"wp","href":"https:\/\/api.w.org\/{rel}","templated":true}]}}