{"id":742,"date":"2022-05-10T12:27:47","date_gmt":"2022-05-10T10:27:47","guid":{"rendered":"https:\/\/co2improve.com\/our-focus\/"},"modified":"2024-12-09T15:44:06","modified_gmt":"2024-12-09T14:44:06","slug":"our-focus","status":"publish","type":"page","link":"https:\/\/co2improve.com\/da\/our-focus\/","title":{"rendered":"Vores Fokus"},"content":{"rendered":"<p><em>Tekstilindustriens forsyningsk\u00e6de str\u00e6kker sig over hele kloden, hvilket resulterer i et logistisk fodaftryk med en meget h\u00f8j grad af CO\u2082-udledning. Den voksende bevidsthed hos forbrugere, regeringer og NGO&#8217;er betyder, at flere virksomheder b\u00e5de er villige og motiverede til at g\u00f8re det bedre. Derudover er det med fremtidige kulstofafgifter s\u00e6rligt vigtigt for enhver virksomhed at forst\u00e5 deres nuv\u00e6rende fodaftryk, og hvordan de kan forbedre og reducere deres virksomheds samlede CO2-fodaftryk.<\/em><\/p>\n<p>Inden for logistik har <a href=\"http:\/\/www.greenway-logistics.com\">Greenway Logistics<\/a> udviklet et koncept: CO\u2082 Improve. Det ultimative m\u00e5l er at forbedre den globale mode-, sports- og livsstilsindustri, n\u00e5r det kommer til reduktion af CO\u2082-udledning gennem logistik. CO\u2082 Improve hj\u00e6lper virksomheder med at f\u00e5 indsigt i deres CO\u2082-fodaftryk og hj\u00e6lper med at reducere CO\u2082-emissioner fra deres logistikaktiviteter ved at innovere og samarbejde. Det handler om at forbedre sig i stedet for at kompensere.<\/p>\n<p>CO\u2082 Improve tilbyder GLEC certificeret report og analyse af h\u00f8j kvalitet, som opfylder fremtidige standarder. Beregninger er baseret p\u00e5 det velkendte GLEC Framework (den internationale standard for emissionsberegning udviklet af Global Logistics Emissions Council). Resultaterne af CO\u2082 Improve-analysen kan bruges til officielle rapporter og dokumentation.<\/p>\n<p>S\u00f8rg for, at din virksomhed er klar til at im\u00f8dekomme fremtidige regler om EU-lovgivning og forbrugernes eftersp\u00f8rgsel. Vi er glade for at st\u00f8tte dig og din virksomhed med vores certificerede og akkrediterede GLEC-rapport og reducere dit CO\u2082-fodaftryk p\u00e5 samme tid.<\/p>\n<p>KOMPENSER IKKE. INNOVATE.<\/p>\n","protected":false},"excerpt":{"rendered":"<p>Tekstilindustriens forsyningsk\u00e6de str\u00e6kker sig over hele kloden, hvilket resulterer i et logistisk fodaftryk med en meget h\u00f8j grad af CO\u2082-udledning. Den voksende bevidsthed hos forbrugere, regeringer og NGO&#8217;er betyder, at flere virksomheder b\u00e5de er villige og motiverede til at g\u00f8re det bedre. Derudover er det med fremtidige kulstofafgifter s\u00e6rligt vigtigt for enhver virksomhed at forst\u00e5 [&hellip;]<\/p>\n","protected":false},"author":1,"featured_media":788,"parent":0,"menu_order":0,"comment_status":"closed","ping_status":"closed","template":"","meta":{"_acf_changed":false,"footnotes":""},"class_list":["post-742","page","type-page","status-publish","has-post-thumbnail","hentry"],"acf":[],"yoast_head":"<!-- This site is optimized with the Yoast SEO plugin v27.1.1 - https:\/\/yoast.com\/product\/yoast-seo-wordpress\/ -->\n<title>CO\u2082 Improve - Vores Fokus<\/title>\n<meta name=\"description\" content=\"Det ultimative m\u00e5l er at forbedre den globale mode-, sports- og livsstilsindustri, n\u00e5r det kommer til reduktion af CO\u2082-udledning gennem logistik. CO\u2082 Improve hj\u00e6lper virksomheder med at f\u00e5 indsigt i deres CO\u2082-fodaftryk og hj\u00e6lper med at reducere CO\u2082-emissioner fra deres logistikaktiviteter ved at innovere og samarbejde. Det handler om at forbedre sig i stedet for at kompensere.\" \/>\n<meta name=\"robots\" content=\"index, follow, max-snippet:-1, max-image-preview:large, max-video-preview:-1\" \/>\n<link rel=\"canonical\" href=\"https:\/\/co2improve.com\/da\/our-focus\/\" \/>\n<meta property=\"og:locale\" content=\"da_DK\" \/>\n<meta property=\"og:type\" content=\"article\" \/>\n<meta property=\"og:title\" content=\"CO\u2082 Improve - Vores Fokus\" \/>\n<meta property=\"og:description\" content=\"Det ultimative m\u00e5l er at forbedre den globale mode-, sports- og livsstilsindustri, n\u00e5r det kommer til reduktion af CO\u2082-udledning gennem logistik. CO\u2082 Improve hj\u00e6lper virksomheder med at f\u00e5 indsigt i deres CO\u2082-fodaftryk og hj\u00e6lper med at reducere CO\u2082-emissioner fra deres logistikaktiviteter ved at innovere og samarbejde. Det handler om at forbedre sig i stedet for at kompensere.\" \/>\n<meta property=\"og:url\" content=\"https:\/\/co2improve.com\/da\/our-focus\/\" \/>\n<meta property=\"og:site_name\" content=\"CO\u2082 Improve\" \/>\n<meta property=\"article:modified_time\" content=\"2024-12-09T14:44:06+00:00\" \/>\n<meta property=\"og:image\" content=\"https:\/\/co2improve.com\/wp-content\/uploads\/2022\/05\/Fashion-Logistics-CO2-Improve.jpg\" \/>\n\t<meta property=\"og:image:width\" content=\"1500\" \/>\n\t<meta property=\"og:image:height\" content=\"694\" \/>\n\t<meta property=\"og:image:type\" content=\"image\/jpeg\" \/>\n<meta name=\"twitter:card\" content=\"summary_large_image\" \/>\n<meta name=\"twitter:label1\" content=\"Estimeret l\u00e6setid\" \/>\n\t<meta name=\"twitter:data1\" content=\"1 minut\" \/>\n<!-- \/ Yoast SEO plugin. -->","yoast_head_json":{"title":"CO\u2082 Improve - Vores Fokus","description":"Det ultimative m\u00e5l er at forbedre den globale mode-, sports- og livsstilsindustri, n\u00e5r det kommer til reduktion af CO\u2082-udledning gennem logistik. CO\u2082 Improve hj\u00e6lper virksomheder med at f\u00e5 indsigt i deres CO\u2082-fodaftryk og hj\u00e6lper med at reducere CO\u2082-emissioner fra deres logistikaktiviteter ved at innovere og samarbejde. Det handler om at forbedre sig i stedet for at kompensere.","robots":{"index":"index","follow":"follow","max-snippet":"max-snippet:-1","max-image-preview":"max-image-preview:large","max-video-preview":"max-video-preview:-1"},"canonical":"https:\/\/co2improve.com\/da\/our-focus\/","og_locale":"da_DK","og_type":"article","og_title":"CO\u2082 Improve - Vores Fokus","og_description":"Det ultimative m\u00e5l er at forbedre den globale mode-, sports- og livsstilsindustri, n\u00e5r det kommer til reduktion af CO\u2082-udledning gennem logistik. CO\u2082 Improve hj\u00e6lper virksomheder med at f\u00e5 indsigt i deres CO\u2082-fodaftryk og hj\u00e6lper med at reducere CO\u2082-emissioner fra deres logistikaktiviteter ved at innovere og samarbejde. Det handler om at forbedre sig i stedet for at kompensere.","og_url":"https:\/\/co2improve.com\/da\/our-focus\/","og_site_name":"CO\u2082 Improve","article_modified_time":"2024-12-09T14:44:06+00:00","og_image":[{"width":1500,"height":694,"url":"https:\/\/co2improve.com\/wp-content\/uploads\/2022\/05\/Fashion-Logistics-CO2-Improve.jpg","type":"image\/jpeg"}],"twitter_card":"summary_large_image","twitter_misc":{"Estimeret l\u00e6setid":"1 minut"},"schema":{"@context":"https:\/\/schema.org","@graph":[{"@type":"WebPage","@id":"https:\/\/co2improve.com\/da\/our-focus\/","url":"https:\/\/co2improve.com\/da\/our-focus\/","name":"CO\u2082 Improve - Vores Fokus","isPartOf":{"@id":"https:\/\/co2improve.com\/da\/#website"},"primaryImageOfPage":{"@id":"https:\/\/co2improve.com\/da\/our-focus\/#primaryimage"},"image":{"@id":"https:\/\/co2improve.com\/da\/our-focus\/#primaryimage"},"thumbnailUrl":"https:\/\/co2improve.com\/wp-content\/uploads\/2022\/05\/Fashion-Logistics-CO2-Improve.jpg","datePublished":"2022-05-10T10:27:47+00:00","dateModified":"2024-12-09T14:44:06+00:00","description":"Det ultimative m\u00e5l er at forbedre den globale mode-, sports- og livsstilsindustri, n\u00e5r det kommer til reduktion af CO\u2082-udledning gennem logistik. CO\u2082 Improve hj\u00e6lper virksomheder med at f\u00e5 indsigt i deres CO\u2082-fodaftryk og hj\u00e6lper med at reducere CO\u2082-emissioner fra deres logistikaktiviteter ved at innovere og samarbejde. Det handler om at forbedre sig i stedet for at kompensere.","breadcrumb":{"@id":"https:\/\/co2improve.com\/da\/our-focus\/#breadcrumb"},"inLanguage":"da-DK","potentialAction":[{"@type":"ReadAction","target":["https:\/\/co2improve.com\/da\/our-focus\/"]}]},{"@type":"ImageObject","inLanguage":"da-DK","@id":"https:\/\/co2improve.com\/da\/our-focus\/#primaryimage","url":"https:\/\/co2improve.com\/wp-content\/uploads\/2022\/05\/Fashion-Logistics-CO2-Improve.jpg","contentUrl":"https:\/\/co2improve.com\/wp-content\/uploads\/2022\/05\/Fashion-Logistics-CO2-Improve.jpg","width":1500,"height":694,"caption":"Fashion Logistics CO2 Improve"},{"@type":"BreadcrumbList","@id":"https:\/\/co2improve.com\/da\/our-focus\/#breadcrumb","itemListElement":[{"@type":"ListItem","position":1,"name":"Home","item":"https:\/\/co2improve.com\/da\/"},{"@type":"ListItem","position":2,"name":"Vores Fokus"}]},{"@type":"WebSite","@id":"https:\/\/co2improve.com\/da\/#website","url":"https:\/\/co2improve.com\/da\/","name":"CO\u2082 Improve","description":"Don&#039;t Compensate. Inovate.","potentialAction":[{"@type":"SearchAction","target":{"@type":"EntryPoint","urlTemplate":"https:\/\/co2improve.com\/da\/?s={search_term_string}"},"query-input":{"@type":"PropertyValueSpecification","valueRequired":true,"valueName":"search_term_string"}}],"inLanguage":"da-DK"}]}},"_links":{"self":[{"href":"https:\/\/co2improve.com\/da\/wp-json\/wp\/v2\/pages\/742","targetHints":{"allow":["GET"]}}],"collection":[{"href":"https:\/\/co2improve.com\/da\/wp-json\/wp\/v2\/pages"}],"about":[{"href":"https:\/\/co2improve.com\/da\/wp-json\/wp\/v2\/types\/page"}],"author":[{"embeddable":true,"href":"https:\/\/co2improve.com\/da\/wp-json\/wp\/v2\/users\/1"}],"replies":[{"embeddable":true,"href":"https:\/\/co2improve.com\/da\/wp-json\/wp\/v2\/comments?post=742"}],"version-history":[{"count":5,"href":"https:\/\/co2improve.com\/da\/wp-json\/wp\/v2\/pages\/742\/revisions"}],"predecessor-version":[{"id":1007,"href":"https:\/\/co2improve.com\/da\/wp-json\/wp\/v2\/pages\/742\/revisions\/1007"}],"wp:featuredmedia":[{"embeddable":true,"href":"https:\/\/co2improve.com\/da\/wp-json\/wp\/v2\/media\/788"}],"wp:attachment":[{"href":"https:\/\/co2improve.com\/da\/wp-json\/wp\/v2\/media?parent=742"}],"curies":[{"name":"wp","href":"https:\/\/api.w.org\/{rel}","templated":true}]}}