{"id":738,"date":"2022-05-12T18:07:57","date_gmt":"2022-05-12T16:07:57","guid":{"rendered":"https:\/\/co2improve.com\/concepts\/"},"modified":"2023-10-16T11:53:59","modified_gmt":"2023-10-16T09:53:59","slug":"logistikkoncepter","status":"publish","type":"page","link":"https:\/\/co2improve.com\/da\/logistikkoncepter\/","title":{"rendered":"Logistik Koncepter"},"content":{"rendered":"<p><strong>Logistik Koncepter<\/strong><\/p>\n<p>Drevet af den hurtige v\u00e6kst i opm\u00e6rksomheden for b\u00e6redygtig logistik er en r\u00e6kke specifikke logistiske koncepter blevet skabt eller perfektioneret for at s\u00e6nke CO2-fodaftrykket for enhver virksomhed i den europ\u00e6iske mode-, tekstil- og sportsindustri. Disse koncepter er alle testet og har vist sig at v\u00e6re vellykkede og er tilg\u00e6ngelige for alle. De er alle pragmatiske i deres ops\u00e6tning, og alle bidrager de til en mere b\u00e6redygtig forsyningsk\u00e6de.<\/p>\n<p><iframe src=\"https:\/\/player.vimeo.com\/video\/422697921?h=0de409c313&amp;color=fdfdfd\" frameborder=\"0\" allowfullscreen=\"allowfullscreen\"><\/iframe><\/p>\n<p>&nbsp;<\/p>\n","protected":false},"excerpt":{"rendered":"<p>Logistik Koncepter Drevet af den hurtige v\u00e6kst i opm\u00e6rksomheden for b\u00e6redygtig logistik er en r\u00e6kke specifikke logistiske koncepter blevet skabt eller perfektioneret for at s\u00e6nke CO2-fodaftrykket for enhver virksomhed i den europ\u00e6iske mode-, tekstil- og sportsindustri. Disse koncepter er alle testet og har vist sig at v\u00e6re vellykkede og er tilg\u00e6ngelige for alle. De er [&hellip;]<\/p>\n","protected":false},"author":1,"featured_media":0,"parent":0,"menu_order":0,"comment_status":"closed","ping_status":"closed","template":"","meta":{"_acf_changed":false,"footnotes":""},"class_list":["post-738","page","type-page","status-publish","hentry"],"acf":[],"yoast_head":"<!-- This site is optimized with the Yoast SEO plugin v27.1.1 - https:\/\/yoast.com\/product\/yoast-seo-wordpress\/ -->\n<title>CO\u2082 Improve - Logistik Koncepter<\/title>\n<meta name=\"description\" content=\"Drevet af den hurtige v\u00e6kst i opm\u00e6rksomheden for b\u00e6redygtig logistik er en r\u00e6kke specifikke logistiske koncepter blevet skabt eller perfektioneret for at s\u00e6nke CO2-fodaftrykket for enhver virksomhed i den europ\u00e6iske mode-, tekstil- og sportsindustri.\" \/>\n<meta name=\"robots\" content=\"index, follow, max-snippet:-1, max-image-preview:large, max-video-preview:-1\" \/>\n<link rel=\"canonical\" href=\"https:\/\/co2improve.com\/da\/logistikkoncepter\/\" \/>\n<meta property=\"og:locale\" content=\"da_DK\" \/>\n<meta property=\"og:type\" content=\"article\" \/>\n<meta property=\"og:title\" content=\"CO\u2082 Improve - Logistik Koncepter\" \/>\n<meta property=\"og:description\" content=\"Drevet af den hurtige v\u00e6kst i opm\u00e6rksomheden for b\u00e6redygtig logistik er en r\u00e6kke specifikke logistiske koncepter blevet skabt eller perfektioneret for at s\u00e6nke CO2-fodaftrykket for enhver virksomhed i den europ\u00e6iske mode-, tekstil- og sportsindustri.\" \/>\n<meta property=\"og:url\" content=\"https:\/\/co2improve.com\/da\/logistikkoncepter\/\" \/>\n<meta property=\"og:site_name\" content=\"CO\u2082 Improve\" \/>\n<meta property=\"article:modified_time\" content=\"2023-10-16T09:53:59+00:00\" \/>\n<meta name=\"twitter:card\" content=\"summary_large_image\" \/>\n<meta name=\"twitter:label1\" content=\"Estimeret l\u00e6setid\" \/>\n\t<meta name=\"twitter:data1\" content=\"1 minut\" \/>\n<!-- \/ Yoast SEO plugin. -->","yoast_head_json":{"title":"CO\u2082 Improve - Logistik Koncepter","description":"Drevet af den hurtige v\u00e6kst i opm\u00e6rksomheden for b\u00e6redygtig logistik er en r\u00e6kke specifikke logistiske koncepter blevet skabt eller perfektioneret for at s\u00e6nke CO2-fodaftrykket for enhver virksomhed i den europ\u00e6iske mode-, tekstil- og sportsindustri.","robots":{"index":"index","follow":"follow","max-snippet":"max-snippet:-1","max-image-preview":"max-image-preview:large","max-video-preview":"max-video-preview:-1"},"canonical":"https:\/\/co2improve.com\/da\/logistikkoncepter\/","og_locale":"da_DK","og_type":"article","og_title":"CO\u2082 Improve - Logistik Koncepter","og_description":"Drevet af den hurtige v\u00e6kst i opm\u00e6rksomheden for b\u00e6redygtig logistik er en r\u00e6kke specifikke logistiske koncepter blevet skabt eller perfektioneret for at s\u00e6nke CO2-fodaftrykket for enhver virksomhed i den europ\u00e6iske mode-, tekstil- og sportsindustri.","og_url":"https:\/\/co2improve.com\/da\/logistikkoncepter\/","og_site_name":"CO\u2082 Improve","article_modified_time":"2023-10-16T09:53:59+00:00","twitter_card":"summary_large_image","twitter_misc":{"Estimeret l\u00e6setid":"1 minut"},"schema":{"@context":"https:\/\/schema.org","@graph":[{"@type":"WebPage","@id":"https:\/\/co2improve.com\/da\/logistikkoncepter\/","url":"https:\/\/co2improve.com\/da\/logistikkoncepter\/","name":"CO\u2082 Improve - Logistik Koncepter","isPartOf":{"@id":"https:\/\/co2improve.com\/da\/#website"},"datePublished":"2022-05-12T16:07:57+00:00","dateModified":"2023-10-16T09:53:59+00:00","description":"Drevet af den hurtige v\u00e6kst i opm\u00e6rksomheden for b\u00e6redygtig logistik er en r\u00e6kke specifikke logistiske koncepter blevet skabt eller perfektioneret for at s\u00e6nke CO2-fodaftrykket for enhver virksomhed i den europ\u00e6iske mode-, tekstil- og sportsindustri.","breadcrumb":{"@id":"https:\/\/co2improve.com\/da\/logistikkoncepter\/#breadcrumb"},"inLanguage":"da-DK","potentialAction":[{"@type":"ReadAction","target":["https:\/\/co2improve.com\/da\/logistikkoncepter\/"]}]},{"@type":"BreadcrumbList","@id":"https:\/\/co2improve.com\/da\/logistikkoncepter\/#breadcrumb","itemListElement":[{"@type":"ListItem","position":1,"name":"Home","item":"https:\/\/co2improve.com\/da\/"},{"@type":"ListItem","position":2,"name":"Logistik Koncepter"}]},{"@type":"WebSite","@id":"https:\/\/co2improve.com\/da\/#website","url":"https:\/\/co2improve.com\/da\/","name":"CO\u2082 Improve","description":"Don&#039;t Compensate. Inovate.","potentialAction":[{"@type":"SearchAction","target":{"@type":"EntryPoint","urlTemplate":"https:\/\/co2improve.com\/da\/?s={search_term_string}"},"query-input":{"@type":"PropertyValueSpecification","valueRequired":true,"valueName":"search_term_string"}}],"inLanguage":"da-DK"}]}},"_links":{"self":[{"href":"https:\/\/co2improve.com\/da\/wp-json\/wp\/v2\/pages\/738","targetHints":{"allow":["GET"]}}],"collection":[{"href":"https:\/\/co2improve.com\/da\/wp-json\/wp\/v2\/pages"}],"about":[{"href":"https:\/\/co2improve.com\/da\/wp-json\/wp\/v2\/types\/page"}],"author":[{"embeddable":true,"href":"https:\/\/co2improve.com\/da\/wp-json\/wp\/v2\/users\/1"}],"replies":[{"embeddable":true,"href":"https:\/\/co2improve.com\/da\/wp-json\/wp\/v2\/comments?post=738"}],"version-history":[{"count":18,"href":"https:\/\/co2improve.com\/da\/wp-json\/wp\/v2\/pages\/738\/revisions"}],"predecessor-version":[{"id":991,"href":"https:\/\/co2improve.com\/da\/wp-json\/wp\/v2\/pages\/738\/revisions\/991"}],"wp:attachment":[{"href":"https:\/\/co2improve.com\/da\/wp-json\/wp\/v2\/media?parent=738"}],"curies":[{"name":"wp","href":"https:\/\/api.w.org\/{rel}","templated":true}]}}