{"id":734,"date":"2022-05-16T10:45:11","date_gmt":"2022-05-16T08:45:11","guid":{"rendered":"https:\/\/co2improve.com\/partnership\/"},"modified":"2024-12-11T10:41:41","modified_gmt":"2024-12-11T09:41:41","slug":"partnerskab","status":"publish","type":"page","link":"https:\/\/co2improve.com\/da\/partnerskab\/","title":{"rendered":"Partnerskab"},"content":{"rendered":"","protected":false},"excerpt":{"rendered":"","protected":false},"author":1,"featured_media":633,"parent":0,"menu_order":0,"comment_status":"closed","ping_status":"closed","template":"","meta":{"_acf_changed":false,"footnotes":""},"class_list":["post-734","page","type-page","status-publish","has-post-thumbnail","hentry"],"acf":[],"yoast_head":"<!-- This site is optimized with the Yoast SEO plugin v27.1.1 - https:\/\/yoast.com\/product\/yoast-seo-wordpress\/ -->\n<title>CO\u2082 Improve - Partnerskab<\/title>\n<meta name=\"description\" content=\"Partnerskab er et af vores SDG-m\u00e5l, et vigtigt fokus er samarbejde. Du kan blive vores CO\u2082 Improve-partner, hvis du l\u00f8bende arbejder p\u00e5 at forbedre dine medlemmers\/kunders CO\u2082-aftryk. Bliv en del af vores f\u00e6llesskab, hvor vi s\u00e6tter &#039;forbedre&#039; f\u00f8rst.\" \/>\n<meta name=\"robots\" content=\"index, follow, max-snippet:-1, max-image-preview:large, max-video-preview:-1\" \/>\n<link rel=\"canonical\" href=\"https:\/\/co2improve.com\/da\/partnerskab\/\" \/>\n<meta property=\"og:locale\" content=\"da_DK\" \/>\n<meta property=\"og:type\" content=\"article\" \/>\n<meta property=\"og:title\" content=\"CO\u2082 Improve - Partnerskab\" \/>\n<meta property=\"og:description\" content=\"Partnerskab er et af vores SDG-m\u00e5l, et vigtigt fokus er samarbejde. Du kan blive vores CO\u2082 Improve-partner, hvis du l\u00f8bende arbejder p\u00e5 at forbedre dine medlemmers\/kunders CO\u2082-aftryk. Bliv en del af vores f\u00e6llesskab, hvor vi s\u00e6tter &#039;forbedre&#039; f\u00f8rst.\" \/>\n<meta property=\"og:url\" content=\"https:\/\/co2improve.com\/da\/partnerskab\/\" \/>\n<meta property=\"og:site_name\" content=\"CO\u2082 Improve\" \/>\n<meta property=\"article:modified_time\" content=\"2024-12-11T09:41:41+00:00\" \/>\n<meta property=\"og:image\" content=\"https:\/\/co2improve.com\/wp-content\/uploads\/2022\/05\/community.jpg\" \/>\n\t<meta property=\"og:image:width\" content=\"1175\" \/>\n\t<meta property=\"og:image:height\" content=\"578\" \/>\n\t<meta property=\"og:image:type\" content=\"image\/jpeg\" \/>\n<meta name=\"twitter:card\" content=\"summary_large_image\" \/>\n<!-- \/ Yoast SEO plugin. -->","yoast_head_json":{"title":"CO\u2082 Improve - Partnerskab","description":"Partnerskab er et af vores SDG-m\u00e5l, et vigtigt fokus er samarbejde. Du kan blive vores CO\u2082 Improve-partner, hvis du l\u00f8bende arbejder p\u00e5 at forbedre dine medlemmers\/kunders CO\u2082-aftryk. Bliv en del af vores f\u00e6llesskab, hvor vi s\u00e6tter 'forbedre' f\u00f8rst.","robots":{"index":"index","follow":"follow","max-snippet":"max-snippet:-1","max-image-preview":"max-image-preview:large","max-video-preview":"max-video-preview:-1"},"canonical":"https:\/\/co2improve.com\/da\/partnerskab\/","og_locale":"da_DK","og_type":"article","og_title":"CO\u2082 Improve - Partnerskab","og_description":"Partnerskab er et af vores SDG-m\u00e5l, et vigtigt fokus er samarbejde. Du kan blive vores CO\u2082 Improve-partner, hvis du l\u00f8bende arbejder p\u00e5 at forbedre dine medlemmers\/kunders CO\u2082-aftryk. Bliv en del af vores f\u00e6llesskab, hvor vi s\u00e6tter 'forbedre' f\u00f8rst.","og_url":"https:\/\/co2improve.com\/da\/partnerskab\/","og_site_name":"CO\u2082 Improve","article_modified_time":"2024-12-11T09:41:41+00:00","og_image":[{"width":1175,"height":578,"url":"https:\/\/co2improve.com\/wp-content\/uploads\/2022\/05\/community.jpg","type":"image\/jpeg"}],"twitter_card":"summary_large_image","schema":{"@context":"https:\/\/schema.org","@graph":[{"@type":"WebPage","@id":"https:\/\/co2improve.com\/da\/partnerskab\/","url":"https:\/\/co2improve.com\/da\/partnerskab\/","name":"CO\u2082 Improve - Partnerskab","isPartOf":{"@id":"https:\/\/co2improve.com\/da\/#website"},"primaryImageOfPage":{"@id":"https:\/\/co2improve.com\/da\/partnerskab\/#primaryimage"},"image":{"@id":"https:\/\/co2improve.com\/da\/partnerskab\/#primaryimage"},"thumbnailUrl":"https:\/\/co2improve.com\/wp-content\/uploads\/2022\/05\/community.jpg","datePublished":"2022-05-16T08:45:11+00:00","dateModified":"2024-12-11T09:41:41+00:00","description":"Partnerskab er et af vores SDG-m\u00e5l, et vigtigt fokus er samarbejde. Du kan blive vores CO\u2082 Improve-partner, hvis du l\u00f8bende arbejder p\u00e5 at forbedre dine medlemmers\/kunders CO\u2082-aftryk. Bliv en del af vores f\u00e6llesskab, hvor vi s\u00e6tter 'forbedre' f\u00f8rst.","breadcrumb":{"@id":"https:\/\/co2improve.com\/da\/partnerskab\/#breadcrumb"},"inLanguage":"da-DK","potentialAction":[{"@type":"ReadAction","target":["https:\/\/co2improve.com\/da\/partnerskab\/"]}]},{"@type":"ImageObject","inLanguage":"da-DK","@id":"https:\/\/co2improve.com\/da\/partnerskab\/#primaryimage","url":"https:\/\/co2improve.com\/wp-content\/uploads\/2022\/05\/community.jpg","contentUrl":"https:\/\/co2improve.com\/wp-content\/uploads\/2022\/05\/community.jpg","width":1175,"height":578},{"@type":"BreadcrumbList","@id":"https:\/\/co2improve.com\/da\/partnerskab\/#breadcrumb","itemListElement":[{"@type":"ListItem","position":1,"name":"Home","item":"https:\/\/co2improve.com\/da\/"},{"@type":"ListItem","position":2,"name":"Partnerskab"}]},{"@type":"WebSite","@id":"https:\/\/co2improve.com\/da\/#website","url":"https:\/\/co2improve.com\/da\/","name":"CO\u2082 Improve","description":"Don&#039;t Compensate. Inovate.","potentialAction":[{"@type":"SearchAction","target":{"@type":"EntryPoint","urlTemplate":"https:\/\/co2improve.com\/da\/?s={search_term_string}"},"query-input":{"@type":"PropertyValueSpecification","valueRequired":true,"valueName":"search_term_string"}}],"inLanguage":"da-DK"}]}},"_links":{"self":[{"href":"https:\/\/co2improve.com\/da\/wp-json\/wp\/v2\/pages\/734","targetHints":{"allow":["GET"]}}],"collection":[{"href":"https:\/\/co2improve.com\/da\/wp-json\/wp\/v2\/pages"}],"about":[{"href":"https:\/\/co2improve.com\/da\/wp-json\/wp\/v2\/types\/page"}],"author":[{"embeddable":true,"href":"https:\/\/co2improve.com\/da\/wp-json\/wp\/v2\/users\/1"}],"replies":[{"embeddable":true,"href":"https:\/\/co2improve.com\/da\/wp-json\/wp\/v2\/comments?post=734"}],"version-history":[{"count":6,"href":"https:\/\/co2improve.com\/da\/wp-json\/wp\/v2\/pages\/734\/revisions"}],"predecessor-version":[{"id":1017,"href":"https:\/\/co2improve.com\/da\/wp-json\/wp\/v2\/pages\/734\/revisions\/1017"}],"wp:featuredmedia":[{"embeddable":true,"href":"https:\/\/co2improve.com\/da\/wp-json\/wp\/v2\/media\/633"}],"wp:attachment":[{"href":"https:\/\/co2improve.com\/da\/wp-json\/wp\/v2\/media?parent=734"}],"curies":[{"name":"wp","href":"https:\/\/api.w.org\/{rel}","templated":true}]}}