{"id":730,"date":"2022-05-18T10:39:58","date_gmt":"2022-05-18T08:39:58","guid":{"rendered":"https:\/\/co2improve.com\/compliance\/"},"modified":"2024-12-09T17:04:13","modified_gmt":"2024-12-09T16:04:13","slug":"compliance","status":"publish","type":"page","link":"https:\/\/co2improve.com\/da\/compliance\/","title":{"rendered":"Compliance"},"content":{"rendered":"<p>P\u00e5 det seneste tilbyder mange transportvirksomheder CO\u2082-dokumentation som en (betalt) service. Overraskende nok kan resultatet af denne dokumentation ofte v\u00e6re meget anderledes for den samme forsendelse hos et andet transportfirma. Ofte mangler der indsigt i beregningerne bag dokumentationen. Dette har f\u00f8rt til nogle europ\u00e6iske regeringsinitiativer for at skabe p\u00e5lidelig dokumentation. Det betyder en grundig analyse af den faktiske performance for enhver virksomhed, der arbejder med faste standarder.<\/p>\n<p>Det n\u00e6ste skridt, som vil f\u00f8lge i de kommende \u00e5r, vil v\u00e6re en officiel certificering af ethvert firmas CO\u2082-fodaftryk, endda g\u00e5 s\u00e5 langt, at revisorer bliver n\u00f8dt til at underskrive; og i fremtiden indf\u00f8res en eventuel CO\u2082-afgift. I lyset af denne udvikling koordinerer brancheforeningerne deres indsats for at skabe en CO\u2082-dokumentation af h\u00f8j kvalitet, der vil leve op til de fremtidige standarder.<\/p>\n<p>CO\u2082 Improve:<\/p>\n<ul>\n<li>beregningerne er akkrediteret og i metodologisk overensstemmelse med Global Logistics Emissions Council Framework for Logistics Emission Methodologies (GLEC), baseret p\u00e5 EU-standard og certificeret.<\/li>\n<li>forbereder dig som brand til fremtidig CO\u2082-beskatning, revisorerkl\u00e6ringer og EU-taksonomiforordning (scope 3).<\/li>\n<li>CO\u2082-dokumentation kan bruges for din GOTS- eller B-corp-certificering.<\/li>\n<\/ul>\n<p><strong><br \/>\nForbered dig p\u00e5 fremtidige krav fra kunder, regeringer og NGO&#8217;er.<\/strong><\/p>\n","protected":false},"excerpt":{"rendered":"<p>P\u00e5 det seneste tilbyder mange transportvirksomheder CO\u2082-dokumentation som en (betalt) service. Overraskende nok kan resultatet af denne dokumentation ofte v\u00e6re meget anderledes for den samme forsendelse hos et andet transportfirma. Ofte mangler der indsigt i beregningerne bag dokumentationen. Dette har f\u00f8rt til nogle europ\u00e6iske regeringsinitiativer for at skabe p\u00e5lidelig dokumentation. Det betyder en grundig analyse [&hellip;]<\/p>\n","protected":false},"author":1,"featured_media":0,"parent":0,"menu_order":0,"comment_status":"closed","ping_status":"closed","template":"template-banner-page.php","meta":{"_acf_changed":false,"footnotes":""},"class_list":["post-730","page","type-page","status-publish","hentry"],"acf":[],"yoast_head":"<!-- This site is optimized with the Yoast SEO plugin v27.1.1 - https:\/\/yoast.com\/product\/yoast-seo-wordpress\/ -->\n<title>CO\u2082 Improve - Compliance<\/title>\n<meta name=\"description\" content=\"P\u00e5 det seneste tilbyder mange transportvirksomheder CO\u2082-dokumentation som en (betalt) service. Overraskende nok kan resultatet af denne dokumentation ofte v\u00e6re meget anderledes for den samme forsendelse hos et andet transportfirma.\" \/>\n<meta name=\"robots\" content=\"index, follow, max-snippet:-1, max-image-preview:large, max-video-preview:-1\" \/>\n<link rel=\"canonical\" href=\"https:\/\/co2improve.com\/da\/compliance\/\" \/>\n<meta property=\"og:locale\" content=\"da_DK\" \/>\n<meta property=\"og:type\" content=\"article\" \/>\n<meta property=\"og:title\" content=\"CO\u2082 Improve - Compliance\" \/>\n<meta property=\"og:description\" content=\"P\u00e5 det seneste tilbyder mange transportvirksomheder CO\u2082-dokumentation som en (betalt) service. Overraskende nok kan resultatet af denne dokumentation ofte v\u00e6re meget anderledes for den samme forsendelse hos et andet transportfirma.\" \/>\n<meta property=\"og:url\" content=\"https:\/\/co2improve.com\/da\/compliance\/\" \/>\n<meta property=\"og:site_name\" content=\"CO\u2082 Improve\" \/>\n<meta property=\"article:modified_time\" content=\"2024-12-09T16:04:13+00:00\" \/>\n<meta name=\"twitter:card\" content=\"summary_large_image\" \/>\n<meta name=\"twitter:label1\" content=\"Estimeret l\u00e6setid\" \/>\n\t<meta name=\"twitter:data1\" content=\"1 minut\" \/>\n<!-- \/ Yoast SEO plugin. -->","yoast_head_json":{"title":"CO\u2082 Improve - Compliance","description":"P\u00e5 det seneste tilbyder mange transportvirksomheder CO\u2082-dokumentation som en (betalt) service. Overraskende nok kan resultatet af denne dokumentation ofte v\u00e6re meget anderledes for den samme forsendelse hos et andet transportfirma.","robots":{"index":"index","follow":"follow","max-snippet":"max-snippet:-1","max-image-preview":"max-image-preview:large","max-video-preview":"max-video-preview:-1"},"canonical":"https:\/\/co2improve.com\/da\/compliance\/","og_locale":"da_DK","og_type":"article","og_title":"CO\u2082 Improve - Compliance","og_description":"P\u00e5 det seneste tilbyder mange transportvirksomheder CO\u2082-dokumentation som en (betalt) service. Overraskende nok kan resultatet af denne dokumentation ofte v\u00e6re meget anderledes for den samme forsendelse hos et andet transportfirma.","og_url":"https:\/\/co2improve.com\/da\/compliance\/","og_site_name":"CO\u2082 Improve","article_modified_time":"2024-12-09T16:04:13+00:00","twitter_card":"summary_large_image","twitter_misc":{"Estimeret l\u00e6setid":"1 minut"},"schema":{"@context":"https:\/\/schema.org","@graph":[{"@type":"WebPage","@id":"https:\/\/co2improve.com\/da\/compliance\/","url":"https:\/\/co2improve.com\/da\/compliance\/","name":"CO\u2082 Improve - Compliance","isPartOf":{"@id":"https:\/\/co2improve.com\/da\/#website"},"datePublished":"2022-05-18T08:39:58+00:00","dateModified":"2024-12-09T16:04:13+00:00","description":"P\u00e5 det seneste tilbyder mange transportvirksomheder CO\u2082-dokumentation som en (betalt) service. Overraskende nok kan resultatet af denne dokumentation ofte v\u00e6re meget anderledes for den samme forsendelse hos et andet transportfirma.","breadcrumb":{"@id":"https:\/\/co2improve.com\/da\/compliance\/#breadcrumb"},"inLanguage":"da-DK","potentialAction":[{"@type":"ReadAction","target":["https:\/\/co2improve.com\/da\/compliance\/"]}]},{"@type":"BreadcrumbList","@id":"https:\/\/co2improve.com\/da\/compliance\/#breadcrumb","itemListElement":[{"@type":"ListItem","position":1,"name":"Home","item":"https:\/\/co2improve.com\/da\/"},{"@type":"ListItem","position":2,"name":"Compliance"}]},{"@type":"WebSite","@id":"https:\/\/co2improve.com\/da\/#website","url":"https:\/\/co2improve.com\/da\/","name":"CO\u2082 Improve","description":"Don&#039;t Compensate. Inovate.","potentialAction":[{"@type":"SearchAction","target":{"@type":"EntryPoint","urlTemplate":"https:\/\/co2improve.com\/da\/?s={search_term_string}"},"query-input":{"@type":"PropertyValueSpecification","valueRequired":true,"valueName":"search_term_string"}}],"inLanguage":"da-DK"}]}},"_links":{"self":[{"href":"https:\/\/co2improve.com\/da\/wp-json\/wp\/v2\/pages\/730","targetHints":{"allow":["GET"]}}],"collection":[{"href":"https:\/\/co2improve.com\/da\/wp-json\/wp\/v2\/pages"}],"about":[{"href":"https:\/\/co2improve.com\/da\/wp-json\/wp\/v2\/types\/page"}],"author":[{"embeddable":true,"href":"https:\/\/co2improve.com\/da\/wp-json\/wp\/v2\/users\/1"}],"replies":[{"embeddable":true,"href":"https:\/\/co2improve.com\/da\/wp-json\/wp\/v2\/comments?post=730"}],"version-history":[{"count":5,"href":"https:\/\/co2improve.com\/da\/wp-json\/wp\/v2\/pages\/730\/revisions"}],"predecessor-version":[{"id":1012,"href":"https:\/\/co2improve.com\/da\/wp-json\/wp\/v2\/pages\/730\/revisions\/1012"}],"wp:attachment":[{"href":"https:\/\/co2improve.com\/da\/wp-json\/wp\/v2\/media?parent=730"}],"curies":[{"name":"wp","href":"https:\/\/api.w.org\/{rel}","templated":true}]}}